{"id":33903,"date":"2025-10-03T10:30:31","date_gmt":"2025-10-03T10:30:31","guid":{"rendered":"https:\/\/klaxon.az\/brand-motul\/"},"modified":"2025-12-20T15:50:14","modified_gmt":"2025-12-20T15:50:14","slug":"brand-motul","status":"publish","type":"page","link":"https:\/\/klaxon.az\/en\/brands\/brand-motul\/","title":{"rendered":"MOTUL"},"content":{"rendered":"\t\t<div data-elementor-type=\"wp-page\" data-elementor-id=\"33903\" class=\"elementor elementor-33903 elementor-32196\" data-elementor-post-type=\"page\">\n\t\t\t\t<div class=\"elementor-element elementor-element-45f058d e-flex e-con-boxed tm-col-stretched-none tm-bg-color-over-image e-con e-parent\" data-id=\"45f058d\" data-element_type=\"container\">\n\t\t\t\t\t<div class=\"e-con-inner\">\n\t\t<div class=\"elementor-element elementor-element-f67192f e-con-full elementor-hidden-desktop elementor-hidden-tablet elementor-hidden-mobile e-flex tm-col-stretched-none tm-bg-color-over-image e-con e-child\" data-id=\"f67192f\" data-element_type=\"container\">\n\t\t\t\t<div class=\"elementor-element elementor-element-1f2c8b5 elementor-widget elementor-widget-tm-ele-navigation-menu\" data-id=\"1f2c8b5\" data-element_type=\"widget\" data-widget_type=\"tm-ele-navigation-menu.default\">\n\t\t\t\t<div class=\"elementor-widget-container\">\n\t\t\t\t\t<div class=\"tm-sc-simple-nav-menu\"><ul id=\"menu-service-menu\" class=\"\"><li id=\"menu-item-31469\" class=\"menu-item menu-item-type-post_type menu-item-object-page menu-item-31469\"><a href=\"https:\/\/klaxon.az\/elektron-satis-platformasi\/\"><i class=\"tm-nav-arrow-icon fas fa-arrow-right\"><\/i>Online Sales Platform<\/a><\/li>\n<\/ul><\/div>\t\t\t\t<\/div>\n\t\t\t\t<\/div>\n\t\t<div class=\"elementor-element elementor-element-8a41dac e-con-full e-flex tm-col-stretched-none tm-bg-color-over-image e-con e-child\" data-id=\"8a41dac\" data-element_type=\"container\" data-settings=\"{&quot;background_background&quot;:&quot;classic&quot;}\">\n\t\t<div class=\"elementor-element elementor-element-70910dc e-con-full e-flex tm-col-stretched-none tm-bg-color-over-image e-con e-child\" data-id=\"70910dc\" data-element_type=\"container\">\n\t\t\t\t<div class=\"elementor-element elementor-element-acec34a elementor-widget elementor-widget-tm-ele-iconbox\" data-id=\"acec34a\" data-element_type=\"widget\" data-widget_type=\"tm-ele-iconbox.default\">\n\t\t\t\t<div class=\"elementor-widget-container\">\n\t\t\t\t\t<div class=\"tm-sc-icon-box icon-box icon-top font-icon icon-top animate-hover icon-rotate-y\">\r\n\t\r\n  \t<div class=\"icon-box-wrapper\">\r\n\t\t\r\n\t\t<div class=\"icon-wrapper\">\r\n\t\t<div class=\"icon icon-circled icon-type-font-icon icon-sm\">\r\n\t\t\t<i aria-hidden=\"true\" class=\" flaticon-common-call\"><\/i>\t\t<\/div>\r\n\r\n\t\t\t<\/div>\r\n\t\t\t<div class=\"icon-text\">\r\n\t\t\t\t\t\t\r\n\t\t\t\t\t\t\t\t\r\n\t\t\t\r\n\t\r\n\t\t\t\t\t<\/div>\r\n\t\t<div class=\"clearfix\"><\/div>\r\n\t<\/div>\r\n<\/div>\t\t\t\t<\/div>\n\t\t\t\t<\/div>\n\t\t\t\t<div class=\"elementor-element elementor-element-6721457 elementor-widget elementor-widget-heading\" data-id=\"6721457\" data-element_type=\"widget\" data-widget_type=\"heading.default\">\n\t\t\t\t<div class=\"elementor-widget-container\">\n\t\t\t\t\t<h3 class=\"elementor-heading-title elementor-size-default\">Contact with\nus for any\nadvice<\/h3>\t\t\t\t<\/div>\n\t\t\t\t<\/div>\n\t\t\t\t<div class=\"elementor-element elementor-element-56bc393 horizontal-line-align-left vertical-line-align-bottom elementor-widget elementor-widget-tm-ele-section-title\" data-id=\"56bc393\" data-element_type=\"widget\" data-widget_type=\"tm-ele-section-title.default\">\n\t\t\t\t<div class=\"elementor-widget-container\">\n\t\t\t\t\t<div class=\"tm-sc-section-title section-title \">\r\n\t<div class=\"title-wrapper\">\r\n\t\t\t\t\r\n\r\n<div class=\"sub-title-outer\">\r\n\t\t<p class=\"subtitle \">\r\n\r\n\t\t\r\n\t\tCall anytime\t<\/p>\r\n\t<\/div>\t\t\t<h5 class=\"title \"  >\r\n\r\n\t\t\r\n\t\t\t\t<span class=\"title-part1 \">+92 (8800) 3680<\/span>\r\n\t\t\t\t\r\n\t\t\t\t\t\t\t\r\n\t<\/h5>\r\n\t<div class=\"title-seperator-line\"><\/div>\t\t\t\t\t\t<\/div>\r\n<\/div>\t\t\t\t<\/div>\n\t\t\t\t<\/div>\n\t\t\t\t<\/div>\n\t\t\t\t<\/div>\n\t\t\t\t<\/div>\n\t\t<div class=\"elementor-element elementor-element-8c93f97 e-con-full e-flex tm-col-stretched-none tm-bg-color-over-image e-con e-child\" data-id=\"8c93f97\" data-element_type=\"container\">\n\t\t\t\t<div class=\"elementor-element elementor-element-0f31ffa elementor-widget elementor-widget-image\" data-id=\"0f31ffa\" data-element_type=\"widget\" data-widget_type=\"image.default\">\n\t\t\t\t<div class=\"elementor-widget-container\">\n\t\t\t\t\t\t\t\t\t\t\t\t\t\t\t<img fetchpriority=\"high\" decoding=\"async\" width=\"1024\" height=\"576\" src=\"https:\/\/klaxon.az\/wp-content\/uploads\/2025\/10\/522226_A5B1D69380-1024x576.jpg\" class=\"attachment-large size-large wp-image-32202\" alt=\"\" srcset=\"https:\/\/klaxon.az\/wp-content\/uploads\/2025\/10\/522226_A5B1D69380-1024x576.jpg 1024w, https:\/\/klaxon.az\/wp-content\/uploads\/2025\/10\/522226_A5B1D69380-300x169.jpg 300w, https:\/\/klaxon.az\/wp-content\/uploads\/2025\/10\/522226_A5B1D69380-768x432.jpg 768w, https:\/\/klaxon.az\/wp-content\/uploads\/2025\/10\/522226_A5B1D69380-1536x864.jpg 1536w, https:\/\/klaxon.az\/wp-content\/uploads\/2025\/10\/522226_A5B1D69380-2048x1152.jpg 2048w\" sizes=\"(max-width: 1024px) 100vw, 1024px\" \/>\t\t\t\t\t\t\t\t\t\t\t\t\t\t\t<\/div>\n\t\t\t\t<\/div>\n\t\t\t\t<div class=\"elementor-element elementor-element-02673dd elementor-widget elementor-widget-heading\" data-id=\"02673dd\" data-element_type=\"widget\" data-widget_type=\"heading.default\">\n\t\t\t\t<div class=\"elementor-widget-container\">\n\t\t\t\t\t<h2 class=\"elementor-heading-title elementor-size-default\">MOTUL<\/h2>\t\t\t\t<\/div>\n\t\t\t\t<\/div>\n\t\t\t\t<div class=\"elementor-element elementor-element-3688ce0 elementor-widget elementor-widget-tm-ele-text-editor\" data-id=\"3688ce0\" data-element_type=\"widget\" data-widget_type=\"tm-ele-text-editor.default\">\n\t\t\t\t<div class=\"elementor-widget-container\">\n\t\t\t\t\t\t\t<div class=\"tm-text-editor\">\r\n\t\t<p>The long-established MOTUL company is widely recognised as a reputable manufacturer of premium-quality, high-performance oils. Its history dates back to 1853 and continues successfully into its 160th year. For many years, MOTUL focused on the development, formulation, and sale of lubricants. The company manufactures a wide range of products for cars, motorcycles, scooters, quad bikes, marine equipment, garden machinery, and other technical applications. All products are produced in the town of Aberville, located near Paris.<\/p><p>The company is a technical partner to racing teams and manufactures high-quality factory-fill oils for a number of automotive and motorcycle brands such as Yamaha, Honda, Aston Martin, Suzuki, Subaru, and others. It is also the global oil partner of the Brabus tuning studio.<\/p><p>MOTUL\u2019s strong presence at the highest level of motorsport (MotoGP, Road Racing, Trial, Enduro, Endurance, Superbike, Supercross, Rallycross, the World Rally Championship, FIA GT, the 24 Hours of Le Mans, the 24 Hours of Spa, the Le Mans Series, rally raid, Paris\u2013Dakar, Formula 3, and others) reflects the company\u2019s advanced technological capability in developing top-quality oils for demanding racing environments.<\/p><p>MOTUL is a pioneer of innovation. Its milestones include MOTUL Century (the first all-season motor oil in Europe, 1953), MOTUL 2100 (the world\u2019s first semi-synthetic motor oil, 1966), MOTUL Century 300V (the world\u2019s first 100% synthetic motor oil, 1971), MOTUL Century 300 2T (the world\u2019s first 100% synthetic oil for two-stroke engines, 1972), MOTUL Turboil (the first oil for turbo engines, 1983), MOTUL Bio 2T (the first 100% biodegradable synthetic oil, 1991), MOTUL 300V (the world\u2019s first 100% synthetic oil for engines based on complex esters, 1992), and others.<\/p>\t\t<\/div>\r\n\t\t\t\t\t<\/div>\n\t\t\t\t<\/div>\n\t\t<div class=\"elementor-element elementor-element-2780865 e-con-full e-flex tm-col-stretched-none tm-bg-color-over-image e-con e-child\" data-id=\"2780865\" data-element_type=\"container\">\n\t\t<div class=\"elementor-element elementor-element-1dbb821 e-con-full e-flex tm-col-stretched-none tm-bg-color-over-image e-con e-child\" data-id=\"1dbb821\" data-element_type=\"container\">\n\t\t\t\t<\/div>\n\t\t\t\t<\/div>\n\t\t\t\t<\/div>\n\t\t\t\t\t<\/div>\n\t\t\t\t<\/div>\n\t\t\t\t<\/div>\n\t\t","protected":false},"excerpt":{"rendered":"<p>Elektron Sat\u0131\u015f Platformas\u0131 Health &#038; Life Sciences Social &#038; Public Sector Digital Media &#038; Entertainment Contact with us for any&#8230;<\/p>\n","protected":false},"author":4,"featured_media":0,"parent":33914,"menu_order":0,"comment_status":"closed","ping_status":"closed","template":"","meta":{"footnotes":""},"class_list":["post-33903","page","type-page","status-publish","hentry"],"yoast_head":"<!-- This site is optimized with the Yoast SEO plugin v26.5 - https:\/\/yoast.com\/wordpress\/plugins\/seo\/ -->\n<title>MOTUL - Klaxon<\/title>\n<meta name=\"description\" content=\"Established in 1997, KLAXON LTD specializes in automotive spare parts. We offer a wide wholesale range for passenger cars, trucks, and special-purpose machinery.\" \/>\n<meta name=\"robots\" content=\"index, follow, max-snippet:-1, max-image-preview:large, max-video-preview:-1\" \/>\n<link rel=\"canonical\" href=\"https:\/\/klaxon.az\/en\/brands\/brand-motul\/\" \/>\n<meta property=\"og:locale\" content=\"en_US\" \/>\n<meta property=\"og:type\" content=\"article\" \/>\n<meta property=\"og:title\" content=\"MOTUL - Klaxon\" \/>\n<meta property=\"og:description\" content=\"Established in 1997, KLAXON LTD specializes in automotive spare parts. We offer a wide wholesale range for passenger cars, trucks, and special-purpose machinery.\" \/>\n<meta property=\"og:url\" content=\"https:\/\/klaxon.az\/en\/brands\/brand-motul\/\" \/>\n<meta property=\"og:site_name\" content=\"Klaxon\" \/>\n<meta property=\"article:modified_time\" content=\"2025-12-20T15:50:14+00:00\" \/>\n<meta property=\"og:image\" content=\"https:\/\/klaxon.az\/wp-content\/uploads\/2025\/10\/522226_A5B1D69380.jpg\" \/>\n\t<meta property=\"og:image:width\" content=\"2133\" \/>\n\t<meta property=\"og:image:height\" content=\"1200\" \/>\n\t<meta property=\"og:image:type\" content=\"image\/jpeg\" \/>\n<meta name=\"twitter:card\" content=\"summary_large_image\" \/>\n<meta name=\"twitter:label1\" content=\"Est. reading time\" \/>\n\t<meta name=\"twitter:data1\" content=\"2 minutes\" \/>\n<script type=\"application\/ld+json\" class=\"yoast-schema-graph\">{\"@context\":\"https:\/\/schema.org\",\"@graph\":[{\"@type\":\"WebPage\",\"@id\":\"https:\/\/klaxon.az\/en\/brands\/brand-motul\/\",\"url\":\"https:\/\/klaxon.az\/en\/brands\/brand-motul\/\",\"name\":\"MOTUL - Klaxon\",\"isPartOf\":{\"@id\":\"https:\/\/klaxon.az\/en\/#website\"},\"primaryImageOfPage\":{\"@id\":\"https:\/\/klaxon.az\/en\/brands\/brand-motul\/#primaryimage\"},\"image\":{\"@id\":\"https:\/\/klaxon.az\/en\/brands\/brand-motul\/#primaryimage\"},\"thumbnailUrl\":\"https:\/\/klaxon.az\/wp-content\/uploads\/2025\/10\/522226_A5B1D69380-1024x576.jpg\",\"datePublished\":\"2025-10-03T10:30:31+00:00\",\"dateModified\":\"2025-12-20T15:50:14+00:00\",\"description\":\"Established in 1997, KLAXON LTD specializes in automotive spare parts. We offer a wide wholesale range for passenger cars, trucks, and special-purpose machinery.\",\"breadcrumb\":{\"@id\":\"https:\/\/klaxon.az\/en\/brands\/brand-motul\/#breadcrumb\"},\"inLanguage\":\"en-US\",\"potentialAction\":[{\"@type\":\"ReadAction\",\"target\":[\"https:\/\/klaxon.az\/en\/brands\/brand-motul\/\"]}]},{\"@type\":\"ImageObject\",\"inLanguage\":\"en-US\",\"@id\":\"https:\/\/klaxon.az\/en\/brands\/brand-motul\/#primaryimage\",\"url\":\"https:\/\/klaxon.az\/wp-content\/uploads\/2025\/10\/522226_A5B1D69380-1024x576.jpg\",\"contentUrl\":\"https:\/\/klaxon.az\/wp-content\/uploads\/2025\/10\/522226_A5B1D69380-1024x576.jpg\"},{\"@type\":\"BreadcrumbList\",\"@id\":\"https:\/\/klaxon.az\/en\/brands\/brand-motul\/#breadcrumb\",\"itemListElement\":[{\"@type\":\"ListItem\",\"position\":1,\"name\":\"\u0413\u043b\u0430\u0432\u043d\u0430\u044f \u0441\u0442\u0440\u0430\u043d\u0438\u0446\u0430\",\"item\":\"https:\/\/klaxon.az\/en\/\"},{\"@type\":\"ListItem\",\"position\":2,\"name\":\"Brands\",\"item\":\"https:\/\/klaxon.az\/en\/brands\/\"},{\"@type\":\"ListItem\",\"position\":3,\"name\":\"MOTUL\"}]},{\"@type\":\"WebSite\",\"@id\":\"https:\/\/klaxon.az\/en\/#website\",\"url\":\"https:\/\/klaxon.az\/en\/\",\"name\":\"Klaxon\",\"description\":\"\",\"publisher\":{\"@id\":\"https:\/\/klaxon.az\/en\/#organization\"},\"potentialAction\":[{\"@type\":\"SearchAction\",\"target\":{\"@type\":\"EntryPoint\",\"urlTemplate\":\"https:\/\/klaxon.az\/en\/?s={search_term_string}\"},\"query-input\":{\"@type\":\"PropertyValueSpecification\",\"valueRequired\":true,\"valueName\":\"search_term_string\"}}],\"inLanguage\":\"en-US\"},{\"@type\":\"Organization\",\"@id\":\"https:\/\/klaxon.az\/en\/#organization\",\"name\":\"Klaxon\",\"url\":\"https:\/\/klaxon.az\/en\/\",\"logo\":{\"@type\":\"ImageObject\",\"inLanguage\":\"en-US\",\"@id\":\"https:\/\/klaxon.az\/en\/#\/schema\/logo\/image\/\",\"url\":\"https:\/\/klaxon.az\/wp-content\/uploads\/2025\/11\/kloxon-temot-logo-new.png\",\"contentUrl\":\"https:\/\/klaxon.az\/wp-content\/uploads\/2025\/11\/kloxon-temot-logo-new.png\",\"width\":370,\"height\":148,\"caption\":\"Klaxon\"},\"image\":{\"@id\":\"https:\/\/klaxon.az\/en\/#\/schema\/logo\/image\/\"}}]}<\/script>\n<!-- \/ Yoast SEO plugin. -->","yoast_head_json":{"title":"MOTUL - Klaxon","description":"Established in 1997, KLAXON LTD specializes in automotive spare parts. We offer a wide wholesale range for passenger cars, trucks, and special-purpose machinery.","robots":{"index":"index","follow":"follow","max-snippet":"max-snippet:-1","max-image-preview":"max-image-preview:large","max-video-preview":"max-video-preview:-1"},"canonical":"https:\/\/klaxon.az\/en\/brands\/brand-motul\/","og_locale":"en_US","og_type":"article","og_title":"MOTUL - Klaxon","og_description":"Established in 1997, KLAXON LTD specializes in automotive spare parts. We offer a wide wholesale range for passenger cars, trucks, and special-purpose machinery.","og_url":"https:\/\/klaxon.az\/en\/brands\/brand-motul\/","og_site_name":"Klaxon","article_modified_time":"2025-12-20T15:50:14+00:00","og_image":[{"width":2133,"height":1200,"url":"https:\/\/klaxon.az\/wp-content\/uploads\/2025\/10\/522226_A5B1D69380.jpg","type":"image\/jpeg"}],"twitter_card":"summary_large_image","twitter_misc":{"Est. reading time":"2 minutes"},"schema":{"@context":"https:\/\/schema.org","@graph":[{"@type":"WebPage","@id":"https:\/\/klaxon.az\/en\/brands\/brand-motul\/","url":"https:\/\/klaxon.az\/en\/brands\/brand-motul\/","name":"MOTUL - Klaxon","isPartOf":{"@id":"https:\/\/klaxon.az\/en\/#website"},"primaryImageOfPage":{"@id":"https:\/\/klaxon.az\/en\/brands\/brand-motul\/#primaryimage"},"image":{"@id":"https:\/\/klaxon.az\/en\/brands\/brand-motul\/#primaryimage"},"thumbnailUrl":"https:\/\/klaxon.az\/wp-content\/uploads\/2025\/10\/522226_A5B1D69380-1024x576.jpg","datePublished":"2025-10-03T10:30:31+00:00","dateModified":"2025-12-20T15:50:14+00:00","description":"Established in 1997, KLAXON LTD specializes in automotive spare parts. We offer a wide wholesale range for passenger cars, trucks, and special-purpose machinery.","breadcrumb":{"@id":"https:\/\/klaxon.az\/en\/brands\/brand-motul\/#breadcrumb"},"inLanguage":"en-US","potentialAction":[{"@type":"ReadAction","target":["https:\/\/klaxon.az\/en\/brands\/brand-motul\/"]}]},{"@type":"ImageObject","inLanguage":"en-US","@id":"https:\/\/klaxon.az\/en\/brands\/brand-motul\/#primaryimage","url":"https:\/\/klaxon.az\/wp-content\/uploads\/2025\/10\/522226_A5B1D69380-1024x576.jpg","contentUrl":"https:\/\/klaxon.az\/wp-content\/uploads\/2025\/10\/522226_A5B1D69380-1024x576.jpg"},{"@type":"BreadcrumbList","@id":"https:\/\/klaxon.az\/en\/brands\/brand-motul\/#breadcrumb","itemListElement":[{"@type":"ListItem","position":1,"name":"\u0413\u043b\u0430\u0432\u043d\u0430\u044f \u0441\u0442\u0440\u0430\u043d\u0438\u0446\u0430","item":"https:\/\/klaxon.az\/en\/"},{"@type":"ListItem","position":2,"name":"Brands","item":"https:\/\/klaxon.az\/en\/brands\/"},{"@type":"ListItem","position":3,"name":"MOTUL"}]},{"@type":"WebSite","@id":"https:\/\/klaxon.az\/en\/#website","url":"https:\/\/klaxon.az\/en\/","name":"Klaxon","description":"","publisher":{"@id":"https:\/\/klaxon.az\/en\/#organization"},"potentialAction":[{"@type":"SearchAction","target":{"@type":"EntryPoint","urlTemplate":"https:\/\/klaxon.az\/en\/?s={search_term_string}"},"query-input":{"@type":"PropertyValueSpecification","valueRequired":true,"valueName":"search_term_string"}}],"inLanguage":"en-US"},{"@type":"Organization","@id":"https:\/\/klaxon.az\/en\/#organization","name":"Klaxon","url":"https:\/\/klaxon.az\/en\/","logo":{"@type":"ImageObject","inLanguage":"en-US","@id":"https:\/\/klaxon.az\/en\/#\/schema\/logo\/image\/","url":"https:\/\/klaxon.az\/wp-content\/uploads\/2025\/11\/kloxon-temot-logo-new.png","contentUrl":"https:\/\/klaxon.az\/wp-content\/uploads\/2025\/11\/kloxon-temot-logo-new.png","width":370,"height":148,"caption":"Klaxon"},"image":{"@id":"https:\/\/klaxon.az\/en\/#\/schema\/logo\/image\/"}}]}},"_links":{"self":[{"href":"https:\/\/klaxon.az\/en\/wp-json\/wp\/v2\/pages\/33903","targetHints":{"allow":["GET"]}}],"collection":[{"href":"https:\/\/klaxon.az\/en\/wp-json\/wp\/v2\/pages"}],"about":[{"href":"https:\/\/klaxon.az\/en\/wp-json\/wp\/v2\/types\/page"}],"author":[{"embeddable":true,"href":"https:\/\/klaxon.az\/en\/wp-json\/wp\/v2\/users\/4"}],"replies":[{"embeddable":true,"href":"https:\/\/klaxon.az\/en\/wp-json\/wp\/v2\/comments?post=33903"}],"version-history":[{"count":3,"href":"https:\/\/klaxon.az\/en\/wp-json\/wp\/v2\/pages\/33903\/revisions"}],"predecessor-version":[{"id":33957,"href":"https:\/\/klaxon.az\/en\/wp-json\/wp\/v2\/pages\/33903\/revisions\/33957"}],"up":[{"embeddable":true,"href":"https:\/\/klaxon.az\/en\/wp-json\/wp\/v2\/pages\/33914"}],"wp:attachment":[{"href":"https:\/\/klaxon.az\/en\/wp-json\/wp\/v2\/media?parent=33903"}],"curies":[{"name":"wp","href":"https:\/\/api.w.org\/{rel}","templated":true}]}}