{"id":33902,"date":"2025-10-03T11:12:22","date_gmt":"2025-10-03T11:12:22","guid":{"rendered":"https:\/\/klaxon.az\/brand-meyle\/"},"modified":"2025-10-03T11:12:22","modified_gmt":"2025-10-03T11:12:22","slug":"brand-meyle","status":"publish","type":"page","link":"https:\/\/klaxon.az\/en\/brands\/brand-meyle\/","title":{"rendered":"MEYLE"},"content":{"rendered":"\t\t<div data-elementor-type=\"wp-page\" data-elementor-id=\"33902\" class=\"elementor elementor-33902 elementor-32274\" data-elementor-post-type=\"page\">\n\t\t\t\t<div class=\"elementor-element elementor-element-45f058d e-flex e-con-boxed tm-col-stretched-none tm-bg-color-over-image e-con e-parent\" data-id=\"45f058d\" data-element_type=\"container\">\n\t\t\t\t\t<div class=\"e-con-inner\">\n\t\t<div class=\"elementor-element elementor-element-f67192f e-con-full elementor-hidden-desktop elementor-hidden-tablet elementor-hidden-mobile e-flex tm-col-stretched-none tm-bg-color-over-image e-con e-child\" data-id=\"f67192f\" data-element_type=\"container\">\n\t\t\t\t<div class=\"elementor-element elementor-element-1f2c8b5 elementor-widget elementor-widget-tm-ele-navigation-menu\" data-id=\"1f2c8b5\" data-element_type=\"widget\" data-widget_type=\"tm-ele-navigation-menu.default\">\n\t\t\t\t<div class=\"elementor-widget-container\">\n\t\t\t\t\t<div class=\"tm-sc-simple-nav-menu\"><ul id=\"menu-service-menu\" class=\"\"><li id=\"menu-item-31469\" class=\"menu-item menu-item-type-post_type menu-item-object-page menu-item-31469\"><a href=\"https:\/\/klaxon.az\/elektron-satis-platformasi\/\"><i class=\"tm-nav-arrow-icon fas fa-arrow-right\"><\/i>Online Sales Platform<\/a><\/li>\n<\/ul><\/div>\t\t\t\t<\/div>\n\t\t\t\t<\/div>\n\t\t<div class=\"elementor-element elementor-element-8a41dac e-con-full e-flex tm-col-stretched-none tm-bg-color-over-image e-con e-child\" data-id=\"8a41dac\" data-element_type=\"container\" data-settings=\"{&quot;background_background&quot;:&quot;classic&quot;}\">\n\t\t<div class=\"elementor-element elementor-element-70910dc e-con-full e-flex tm-col-stretched-none tm-bg-color-over-image e-con e-child\" data-id=\"70910dc\" data-element_type=\"container\">\n\t\t\t\t<div class=\"elementor-element elementor-element-acec34a elementor-widget elementor-widget-tm-ele-iconbox\" data-id=\"acec34a\" data-element_type=\"widget\" data-widget_type=\"tm-ele-iconbox.default\">\n\t\t\t\t<div class=\"elementor-widget-container\">\n\t\t\t\t\t<div class=\"tm-sc-icon-box icon-box icon-top font-icon icon-top animate-hover icon-rotate-y\">\r\n\t\r\n  \t<div class=\"icon-box-wrapper\">\r\n\t\t\r\n\t\t<div class=\"icon-wrapper\">\r\n\t\t<div class=\"icon icon-circled icon-type-font-icon icon-sm\">\r\n\t\t\t<i aria-hidden=\"true\" class=\" flaticon-common-call\"><\/i>\t\t<\/div>\r\n\r\n\t\t\t<\/div>\r\n\t\t\t<div class=\"icon-text\">\r\n\t\t\t\t\t\t\r\n\t\t\t\t\t\t\t\t\r\n\t\t\t\r\n\t\r\n\t\t\t\t\t<\/div>\r\n\t\t<div class=\"clearfix\"><\/div>\r\n\t<\/div>\r\n<\/div>\t\t\t\t<\/div>\n\t\t\t\t<\/div>\n\t\t\t\t<div class=\"elementor-element elementor-element-6721457 elementor-widget elementor-widget-heading\" data-id=\"6721457\" data-element_type=\"widget\" data-widget_type=\"heading.default\">\n\t\t\t\t<div class=\"elementor-widget-container\">\n\t\t\t\t\t<h3 class=\"elementor-heading-title elementor-size-default\">Contact with\nus for any\nadvice<\/h3>\t\t\t\t<\/div>\n\t\t\t\t<\/div>\n\t\t\t\t<div class=\"elementor-element elementor-element-56bc393 horizontal-line-align-left vertical-line-align-bottom elementor-widget elementor-widget-tm-ele-section-title\" data-id=\"56bc393\" data-element_type=\"widget\" data-widget_type=\"tm-ele-section-title.default\">\n\t\t\t\t<div class=\"elementor-widget-container\">\n\t\t\t\t\t<div class=\"tm-sc-section-title section-title \">\r\n\t<div class=\"title-wrapper\">\r\n\t\t\t\t\r\n\r\n<div class=\"sub-title-outer\">\r\n\t\t<p class=\"subtitle \">\r\n\r\n\t\t\r\n\t\tCall anytime\t<\/p>\r\n\t<\/div>\t\t\t<h5 class=\"title \"  >\r\n\r\n\t\t\r\n\t\t\t\t<span class=\"title-part1 \">+92 (8800) 3680<\/span>\r\n\t\t\t\t\r\n\t\t\t\t\t\t\t\r\n\t<\/h5>\r\n\t<div class=\"title-seperator-line\"><\/div>\t\t\t\t\t\t<\/div>\r\n<\/div>\t\t\t\t<\/div>\n\t\t\t\t<\/div>\n\t\t\t\t<\/div>\n\t\t\t\t<\/div>\n\t\t\t\t<\/div>\n\t\t<div class=\"elementor-element elementor-element-8c93f97 e-con-full e-flex tm-col-stretched-none tm-bg-color-over-image e-con e-child\" data-id=\"8c93f97\" data-element_type=\"container\">\n\t\t\t\t<div class=\"elementor-element elementor-element-0f31ffa elementor-widget elementor-widget-image\" data-id=\"0f31ffa\" data-element_type=\"widget\" data-widget_type=\"image.default\">\n\t\t\t\t<div class=\"elementor-widget-container\">\n\t\t\t\t\t\t\t\t\t\t\t\t\t\t\t<img decoding=\"async\" src=\"https:\/\/klaxon.az\/wp-content\/uploads\/2025\/10\/Gesamtprogramm_PKW_760x507.jpg\" title=\"\" alt=\"\" loading=\"lazy\" \/>\t\t\t\t\t\t\t\t\t\t\t\t\t\t\t<\/div>\n\t\t\t\t<\/div>\n\t\t\t\t<div class=\"elementor-element elementor-element-02673dd elementor-widget elementor-widget-heading\" data-id=\"02673dd\" data-element_type=\"widget\" data-widget_type=\"heading.default\">\n\t\t\t\t<div class=\"elementor-widget-container\">\n\t\t\t\t\t<h2 class=\"elementor-heading-title elementor-size-default\">MEYLE<\/h2>\t\t\t\t<\/div>\n\t\t\t\t<\/div>\n\t\t\t\t<div class=\"elementor-element elementor-element-3688ce0 elementor-widget elementor-widget-tm-ele-text-editor\" data-id=\"3688ce0\" data-element_type=\"widget\" data-widget_type=\"tm-ele-text-editor.default\">\n\t\t\t\t<div class=\"elementor-widget-container\">\n\t\t\t\t\t\t\t<div class=\"tm-text-editor\">\r\n\t\t<p>MEYLE \u015firk\u0259ti\u00a01958-ci ild\u0259\u00a0\u201cWulf Gaertner Autoparts AG\u201d kimi\u00a0t\u0259sis edilmi\u015fdir v\u0259 \u00f6t\u0259n ill\u0259r \u0259rzind\u0259 ki\u00e7ik bir \u015firk\u0259td\u0259n minik v\u0259 y\u00fck ma\u015f\u0131nlar\u0131 \u00fc\u00e7\u00fcn ehtiyyat hiss\u0259l\u0259ri istehsal ed\u0259n n\u0259h\u0259ng bir \u015firk\u0259t\u0259 \u00e7evrilmi\u015fdir. 1995-ci ild\u0259n etibar\u0259n MEYLE ad\u0131n\u0131 da\u015f\u0131y\u0131r.<\/p>\n<p>MEYLE \u015firk\u0259tinin asortimentin\u0259\u00a014 000 adda h\u0259r\u0259k\u0259t hiss\u0259sinin, idar\u0259etm\u0259 v\u0259 \u0259yl\u0259c sisteminin ehtiyyat hiss\u0259l\u0259ri daxildir.<\/p>\n<p>Hal-haz\u0131rda MEYLE h\u0259r\u0259k\u0259t v\u0259 idar\u0259etm\u0259 sisteminin ehtiyyat hiss\u0259l\u0259rini, su pompalar\u0131n\u0131, \u0259yll\u0259c diskl\u0259rini v\u0259 borular\u0131n\u0131 v\u0259 bir \u00e7ox ba\u015fqa hiss\u0259l\u0259ri istehsal edir. Bu m\u0259hsullar dunyan\u0131n m\u00fcxt\u0259lif \u00f6lk\u0259l\u0259rind\u0259 yerl\u0259\u015f\u0259n 120\u00a0m\u00fc\u0259ssis\u0259l\u0259rind\u0259 istehsal edilir.\u00a0MEYLE \u015f\u0131rk\u0259tinin \u0259m\u0259kda\u015flar\u0131 istehsal\u0131n\u00a0kefiyy\u0259tin\u0259 n\u0259zar\u0259ti istehsal avadanl\u0131\u011f\u0131na n\u0259zar\u0259td\u0259n ba\u015flayaraq haz\u0131r m\u0259hsulun sat\u0131\u015f\u0131 m\u0259rh\u0259l\u0259sin\u0259d\u0259k davam edirl\u0259r.<\/p>\n<p>Kefiyy\u0259tli xammal, m\u00fcasir avadanl\u0131q, yeni texnoloqiyalar MEYLE m\u0259hsullar\u0131n\u0131n y\u00fcks\u0259k kefiyy\u0259tinin \u0259sas amill\u0259ridir.<\/p>\n<p><\/p>\t\t<\/div>\r\n\t\t\t\t\t<\/div>\n\t\t\t\t<\/div>\n\t\t<div class=\"elementor-element elementor-element-2780865 e-con-full e-flex tm-col-stretched-none tm-bg-color-over-image e-con e-child\" data-id=\"2780865\" data-element_type=\"container\">\n\t\t<div class=\"elementor-element elementor-element-1dbb821 e-con-full e-flex tm-col-stretched-none tm-bg-color-over-image e-con e-child\" data-id=\"1dbb821\" data-element_type=\"container\">\n\t\t\t\t<\/div>\n\t\t\t\t<\/div>\n\t\t\t\t<\/div>\n\t\t\t\t\t<\/div>\n\t\t\t\t<\/div>\n\t\t\t\t<\/div>\n\t\t","protected":false},"excerpt":{"rendered":"<p>Elektron Sat\u0131\u015f Platformas\u0131 Health &#038; Life Sciences Social &#038; Public Sector Digital Media &#038; Entertainment Contact with us for any&#8230;<\/p>\n","protected":false},"author":4,"featured_media":0,"parent":33914,"menu_order":0,"comment_status":"closed","ping_status":"closed","template":"","meta":{"footnotes":""},"class_list":["post-33902","page","type-page","status-publish","hentry"],"yoast_head":"<!-- This site is optimized with the Yoast SEO plugin v26.5 - https:\/\/yoast.com\/wordpress\/plugins\/seo\/ -->\n<title>MEYLE - Klaxon<\/title>\n<meta name=\"description\" content=\"Established in 1997, KLAXON LTD specializes in automotive spare parts. We offer a wide wholesale range for passenger cars, trucks, and special-purpose machinery.\" \/>\n<meta name=\"robots\" content=\"index, follow, max-snippet:-1, max-image-preview:large, max-video-preview:-1\" \/>\n<link rel=\"canonical\" href=\"https:\/\/klaxon.az\/en\/brands\/brand-meyle\/\" \/>\n<meta property=\"og:locale\" content=\"en_US\" \/>\n<meta property=\"og:type\" content=\"article\" \/>\n<meta property=\"og:title\" content=\"MEYLE - Klaxon\" \/>\n<meta property=\"og:description\" content=\"Established in 1997, KLAXON LTD specializes in automotive spare parts. We offer a wide wholesale range for passenger cars, trucks, and special-purpose machinery.\" \/>\n<meta property=\"og:url\" content=\"https:\/\/klaxon.az\/en\/brands\/brand-meyle\/\" \/>\n<meta property=\"og:site_name\" content=\"Klaxon\" \/>\n<meta property=\"og:image\" content=\"https:\/\/klaxon.az\/wp-content\/uploads\/2025\/10\/Gesamtprogramm_PKW_760x507.jpg\" \/>\n<meta name=\"twitter:card\" content=\"summary_large_image\" \/>\n<meta name=\"twitter:label1\" content=\"Est. reading time\" \/>\n\t<meta name=\"twitter:data1\" content=\"1 minute\" \/>\n<script type=\"application\/ld+json\" class=\"yoast-schema-graph\">{\"@context\":\"https:\/\/schema.org\",\"@graph\":[{\"@type\":\"WebPage\",\"@id\":\"https:\/\/klaxon.az\/en\/brands\/brand-meyle\/\",\"url\":\"https:\/\/klaxon.az\/en\/brands\/brand-meyle\/\",\"name\":\"MEYLE - Klaxon\",\"isPartOf\":{\"@id\":\"https:\/\/klaxon.az\/en\/#website\"},\"primaryImageOfPage\":{\"@id\":\"https:\/\/klaxon.az\/en\/brands\/brand-meyle\/#primaryimage\"},\"image\":{\"@id\":\"https:\/\/klaxon.az\/en\/brands\/brand-meyle\/#primaryimage\"},\"thumbnailUrl\":\"https:\/\/klaxon.az\/wp-content\/uploads\/2025\/10\/Gesamtprogramm_PKW_760x507.jpg\",\"datePublished\":\"2025-10-03T11:12:22+00:00\",\"description\":\"Established in 1997, KLAXON LTD specializes in automotive spare parts. We offer a wide wholesale range for passenger cars, trucks, and special-purpose machinery.\",\"breadcrumb\":{\"@id\":\"https:\/\/klaxon.az\/en\/brands\/brand-meyle\/#breadcrumb\"},\"inLanguage\":\"en-US\",\"potentialAction\":[{\"@type\":\"ReadAction\",\"target\":[\"https:\/\/klaxon.az\/en\/brands\/brand-meyle\/\"]}]},{\"@type\":\"ImageObject\",\"inLanguage\":\"en-US\",\"@id\":\"https:\/\/klaxon.az\/en\/brands\/brand-meyle\/#primaryimage\",\"url\":\"https:\/\/klaxon.az\/wp-content\/uploads\/2025\/10\/Gesamtprogramm_PKW_760x507.jpg\",\"contentUrl\":\"https:\/\/klaxon.az\/wp-content\/uploads\/2025\/10\/Gesamtprogramm_PKW_760x507.jpg\"},{\"@type\":\"BreadcrumbList\",\"@id\":\"https:\/\/klaxon.az\/en\/brands\/brand-meyle\/#breadcrumb\",\"itemListElement\":[{\"@type\":\"ListItem\",\"position\":1,\"name\":\"\u0413\u043b\u0430\u0432\u043d\u0430\u044f \u0441\u0442\u0440\u0430\u043d\u0438\u0446\u0430\",\"item\":\"https:\/\/klaxon.az\/en\/\"},{\"@type\":\"ListItem\",\"position\":2,\"name\":\"MEYLE\"}]},{\"@type\":\"WebSite\",\"@id\":\"https:\/\/klaxon.az\/en\/#website\",\"url\":\"https:\/\/klaxon.az\/en\/\",\"name\":\"Klaxon\",\"description\":\"\",\"publisher\":{\"@id\":\"https:\/\/klaxon.az\/en\/#organization\"},\"potentialAction\":[{\"@type\":\"SearchAction\",\"target\":{\"@type\":\"EntryPoint\",\"urlTemplate\":\"https:\/\/klaxon.az\/en\/?s={search_term_string}\"},\"query-input\":{\"@type\":\"PropertyValueSpecification\",\"valueRequired\":true,\"valueName\":\"search_term_string\"}}],\"inLanguage\":\"en-US\"},{\"@type\":\"Organization\",\"@id\":\"https:\/\/klaxon.az\/en\/#organization\",\"name\":\"Klaxon\",\"url\":\"https:\/\/klaxon.az\/en\/\",\"logo\":{\"@type\":\"ImageObject\",\"inLanguage\":\"en-US\",\"@id\":\"https:\/\/klaxon.az\/en\/#\/schema\/logo\/image\/\",\"url\":\"https:\/\/klaxon.az\/wp-content\/uploads\/2025\/11\/kloxon-temot-logo-new.png\",\"contentUrl\":\"https:\/\/klaxon.az\/wp-content\/uploads\/2025\/11\/kloxon-temot-logo-new.png\",\"width\":370,\"height\":148,\"caption\":\"Klaxon\"},\"image\":{\"@id\":\"https:\/\/klaxon.az\/en\/#\/schema\/logo\/image\/\"}}]}<\/script>\n<!-- \/ Yoast SEO plugin. -->","yoast_head_json":{"title":"MEYLE - Klaxon","description":"Established in 1997, KLAXON LTD specializes in automotive spare parts. We offer a wide wholesale range for passenger cars, trucks, and special-purpose machinery.","robots":{"index":"index","follow":"follow","max-snippet":"max-snippet:-1","max-image-preview":"max-image-preview:large","max-video-preview":"max-video-preview:-1"},"canonical":"https:\/\/klaxon.az\/en\/brands\/brand-meyle\/","og_locale":"en_US","og_type":"article","og_title":"MEYLE - Klaxon","og_description":"Established in 1997, KLAXON LTD specializes in automotive spare parts. We offer a wide wholesale range for passenger cars, trucks, and special-purpose machinery.","og_url":"https:\/\/klaxon.az\/en\/brands\/brand-meyle\/","og_site_name":"Klaxon","og_image":[{"url":"https:\/\/klaxon.az\/wp-content\/uploads\/2025\/10\/Gesamtprogramm_PKW_760x507.jpg","type":"","width":"","height":""}],"twitter_card":"summary_large_image","twitter_misc":{"Est. reading time":"1 minute"},"schema":{"@context":"https:\/\/schema.org","@graph":[{"@type":"WebPage","@id":"https:\/\/klaxon.az\/en\/brands\/brand-meyle\/","url":"https:\/\/klaxon.az\/en\/brands\/brand-meyle\/","name":"MEYLE - Klaxon","isPartOf":{"@id":"https:\/\/klaxon.az\/en\/#website"},"primaryImageOfPage":{"@id":"https:\/\/klaxon.az\/en\/brands\/brand-meyle\/#primaryimage"},"image":{"@id":"https:\/\/klaxon.az\/en\/brands\/brand-meyle\/#primaryimage"},"thumbnailUrl":"https:\/\/klaxon.az\/wp-content\/uploads\/2025\/10\/Gesamtprogramm_PKW_760x507.jpg","datePublished":"2025-10-03T11:12:22+00:00","description":"Established in 1997, KLAXON LTD specializes in automotive spare parts. We offer a wide wholesale range for passenger cars, trucks, and special-purpose machinery.","breadcrumb":{"@id":"https:\/\/klaxon.az\/en\/brands\/brand-meyle\/#breadcrumb"},"inLanguage":"en-US","potentialAction":[{"@type":"ReadAction","target":["https:\/\/klaxon.az\/en\/brands\/brand-meyle\/"]}]},{"@type":"ImageObject","inLanguage":"en-US","@id":"https:\/\/klaxon.az\/en\/brands\/brand-meyle\/#primaryimage","url":"https:\/\/klaxon.az\/wp-content\/uploads\/2025\/10\/Gesamtprogramm_PKW_760x507.jpg","contentUrl":"https:\/\/klaxon.az\/wp-content\/uploads\/2025\/10\/Gesamtprogramm_PKW_760x507.jpg"},{"@type":"BreadcrumbList","@id":"https:\/\/klaxon.az\/en\/brands\/brand-meyle\/#breadcrumb","itemListElement":[{"@type":"ListItem","position":1,"name":"\u0413\u043b\u0430\u0432\u043d\u0430\u044f \u0441\u0442\u0440\u0430\u043d\u0438\u0446\u0430","item":"https:\/\/klaxon.az\/en\/"},{"@type":"ListItem","position":2,"name":"MEYLE"}]},{"@type":"WebSite","@id":"https:\/\/klaxon.az\/en\/#website","url":"https:\/\/klaxon.az\/en\/","name":"Klaxon","description":"","publisher":{"@id":"https:\/\/klaxon.az\/en\/#organization"},"potentialAction":[{"@type":"SearchAction","target":{"@type":"EntryPoint","urlTemplate":"https:\/\/klaxon.az\/en\/?s={search_term_string}"},"query-input":{"@type":"PropertyValueSpecification","valueRequired":true,"valueName":"search_term_string"}}],"inLanguage":"en-US"},{"@type":"Organization","@id":"https:\/\/klaxon.az\/en\/#organization","name":"Klaxon","url":"https:\/\/klaxon.az\/en\/","logo":{"@type":"ImageObject","inLanguage":"en-US","@id":"https:\/\/klaxon.az\/en\/#\/schema\/logo\/image\/","url":"https:\/\/klaxon.az\/wp-content\/uploads\/2025\/11\/kloxon-temot-logo-new.png","contentUrl":"https:\/\/klaxon.az\/wp-content\/uploads\/2025\/11\/kloxon-temot-logo-new.png","width":370,"height":148,"caption":"Klaxon"},"image":{"@id":"https:\/\/klaxon.az\/en\/#\/schema\/logo\/image\/"}}]}},"_links":{"self":[{"href":"https:\/\/klaxon.az\/en\/wp-json\/wp\/v2\/pages\/33902","targetHints":{"allow":["GET"]}}],"collection":[{"href":"https:\/\/klaxon.az\/en\/wp-json\/wp\/v2\/pages"}],"about":[{"href":"https:\/\/klaxon.az\/en\/wp-json\/wp\/v2\/types\/page"}],"author":[{"embeddable":true,"href":"https:\/\/klaxon.az\/en\/wp-json\/wp\/v2\/users\/4"}],"replies":[{"embeddable":true,"href":"https:\/\/klaxon.az\/en\/wp-json\/wp\/v2\/comments?post=33902"}],"version-history":[{"count":0,"href":"https:\/\/klaxon.az\/en\/wp-json\/wp\/v2\/pages\/33902\/revisions"}],"up":[{"embeddable":true,"href":"https:\/\/klaxon.az\/en\/wp-json\/wp\/v2\/pages\/33914"}],"wp:attachment":[{"href":"https:\/\/klaxon.az\/en\/wp-json\/wp\/v2\/media?parent=33902"}],"curies":[{"name":"wp","href":"https:\/\/api.w.org\/{rel}","templated":true}]}}