{"id":33899,"date":"2025-10-07T12:40:17","date_gmt":"2025-10-07T12:40:17","guid":{"rendered":"https:\/\/klaxon.az\/brand-kyb\/"},"modified":"2025-10-07T12:40:17","modified_gmt":"2025-10-07T12:40:17","slug":"brand-kyb","status":"publish","type":"page","link":"https:\/\/klaxon.az\/en\/brands\/brand-kyb\/","title":{"rendered":"KYB"},"content":{"rendered":"\t\t<div data-elementor-type=\"wp-page\" data-elementor-id=\"33899\" class=\"elementor elementor-33899 elementor-32489\" data-elementor-post-type=\"page\">\n\t\t\t\t<div class=\"elementor-element elementor-element-45f058d e-flex e-con-boxed tm-col-stretched-none tm-bg-color-over-image e-con e-parent\" data-id=\"45f058d\" data-element_type=\"container\">\n\t\t\t\t\t<div class=\"e-con-inner\">\n\t\t<div class=\"elementor-element elementor-element-f67192f e-con-full elementor-hidden-desktop elementor-hidden-tablet elementor-hidden-mobile e-flex tm-col-stretched-none tm-bg-color-over-image e-con e-child\" data-id=\"f67192f\" data-element_type=\"container\">\n\t\t\t\t<div class=\"elementor-element elementor-element-1f2c8b5 elementor-widget elementor-widget-tm-ele-navigation-menu\" data-id=\"1f2c8b5\" data-element_type=\"widget\" data-widget_type=\"tm-ele-navigation-menu.default\">\n\t\t\t\t<div class=\"elementor-widget-container\">\n\t\t\t\t\t<div class=\"tm-sc-simple-nav-menu\"><ul id=\"menu-service-menu\" class=\"\"><li id=\"menu-item-31469\" class=\"menu-item menu-item-type-post_type menu-item-object-page menu-item-31469\"><a href=\"https:\/\/klaxon.az\/elektron-satis-platformasi\/\"><i class=\"tm-nav-arrow-icon fas fa-arrow-right\"><\/i>Online Sales Platform<\/a><\/li>\n<\/ul><\/div>\t\t\t\t<\/div>\n\t\t\t\t<\/div>\n\t\t<div class=\"elementor-element elementor-element-8a41dac e-con-full e-flex tm-col-stretched-none tm-bg-color-over-image e-con e-child\" data-id=\"8a41dac\" data-element_type=\"container\" data-settings=\"{&quot;background_background&quot;:&quot;classic&quot;}\">\n\t\t<div class=\"elementor-element elementor-element-70910dc e-con-full e-flex tm-col-stretched-none tm-bg-color-over-image e-con e-child\" data-id=\"70910dc\" data-element_type=\"container\">\n\t\t\t\t<div class=\"elementor-element elementor-element-acec34a elementor-widget elementor-widget-tm-ele-iconbox\" data-id=\"acec34a\" data-element_type=\"widget\" data-widget_type=\"tm-ele-iconbox.default\">\n\t\t\t\t<div class=\"elementor-widget-container\">\n\t\t\t\t\t<div class=\"tm-sc-icon-box icon-box icon-top font-icon icon-top animate-hover icon-rotate-y\">\r\n\t\r\n  \t<div class=\"icon-box-wrapper\">\r\n\t\t\r\n\t\t<div class=\"icon-wrapper\">\r\n\t\t<div class=\"icon icon-circled icon-type-font-icon icon-sm\">\r\n\t\t\t<i aria-hidden=\"true\" class=\" flaticon-common-call\"><\/i>\t\t<\/div>\r\n\r\n\t\t\t<\/div>\r\n\t\t\t<div class=\"icon-text\">\r\n\t\t\t\t\t\t\r\n\t\t\t\t\t\t\t\t\r\n\t\t\t\r\n\t\r\n\t\t\t\t\t<\/div>\r\n\t\t<div class=\"clearfix\"><\/div>\r\n\t<\/div>\r\n<\/div>\t\t\t\t<\/div>\n\t\t\t\t<\/div>\n\t\t\t\t<div class=\"elementor-element elementor-element-6721457 elementor-widget elementor-widget-heading\" data-id=\"6721457\" data-element_type=\"widget\" data-widget_type=\"heading.default\">\n\t\t\t\t<div class=\"elementor-widget-container\">\n\t\t\t\t\t<h3 class=\"elementor-heading-title elementor-size-default\">Contact with\nus for any\nadvice<\/h3>\t\t\t\t<\/div>\n\t\t\t\t<\/div>\n\t\t\t\t<div class=\"elementor-element elementor-element-56bc393 horizontal-line-align-left vertical-line-align-bottom elementor-widget elementor-widget-tm-ele-section-title\" data-id=\"56bc393\" data-element_type=\"widget\" data-widget_type=\"tm-ele-section-title.default\">\n\t\t\t\t<div class=\"elementor-widget-container\">\n\t\t\t\t\t<div class=\"tm-sc-section-title section-title \">\r\n\t<div class=\"title-wrapper\">\r\n\t\t\t\t\r\n\r\n<div class=\"sub-title-outer\">\r\n\t\t<p class=\"subtitle \">\r\n\r\n\t\t\r\n\t\tCall anytime\t<\/p>\r\n\t<\/div>\t\t\t<h5 class=\"title \"  >\r\n\r\n\t\t\r\n\t\t\t\t<span class=\"title-part1 \">+92 (8800) 3680<\/span>\r\n\t\t\t\t\r\n\t\t\t\t\t\t\t\r\n\t<\/h5>\r\n\t<div class=\"title-seperator-line\"><\/div>\t\t\t\t\t\t<\/div>\r\n<\/div>\t\t\t\t<\/div>\n\t\t\t\t<\/div>\n\t\t\t\t<\/div>\n\t\t\t\t<\/div>\n\t\t\t\t<\/div>\n\t\t<div class=\"elementor-element elementor-element-8c93f97 e-con-full e-flex tm-col-stretched-none tm-bg-color-over-image e-con e-child\" data-id=\"8c93f97\" data-element_type=\"container\">\n\t\t\t\t<div class=\"elementor-element elementor-element-0f31ffa elementor-widget elementor-widget-image\" data-id=\"0f31ffa\" data-element_type=\"widget\" data-widget_type=\"image.default\">\n\t\t\t\t<div class=\"elementor-widget-container\">\n\t\t\t\t\t\t\t\t\t\t\t\t\t\t\t<img fetchpriority=\"high\" decoding=\"async\" width=\"1024\" height=\"536\" src=\"https:\/\/klaxon.az\/wp-content\/uploads\/2025\/10\/product_header-1024x536.jpg\" class=\"attachment-large size-large wp-image-32513\" alt=\"\" srcset=\"https:\/\/klaxon.az\/wp-content\/uploads\/2025\/10\/product_header-1024x536.jpg 1024w, https:\/\/klaxon.az\/wp-content\/uploads\/2025\/10\/product_header-300x157.jpg 300w, https:\/\/klaxon.az\/wp-content\/uploads\/2025\/10\/product_header-768x402.jpg 768w, https:\/\/klaxon.az\/wp-content\/uploads\/2025\/10\/product_header.jpg 1400w\" sizes=\"(max-width: 1024px) 100vw, 1024px\" \/>\t\t\t\t\t\t\t\t\t\t\t\t\t\t\t<\/div>\n\t\t\t\t<\/div>\n\t\t\t\t<div class=\"elementor-element elementor-element-02673dd elementor-widget elementor-widget-heading\" data-id=\"02673dd\" data-element_type=\"widget\" data-widget_type=\"heading.default\">\n\t\t\t\t<div class=\"elementor-widget-container\">\n\t\t\t\t\t<h2 class=\"elementor-heading-title elementor-size-default\">KYB<\/h2>\t\t\t\t<\/div>\n\t\t\t\t<\/div>\n\t\t\t\t<div class=\"elementor-element elementor-element-3688ce0 elementor-widget elementor-widget-tm-ele-text-editor\" data-id=\"3688ce0\" data-element_type=\"widget\" data-widget_type=\"tm-ele-text-editor.default\">\n\t\t\t\t<div class=\"elementor-widget-container\">\n\t\t\t\t\t\t\t<div class=\"tm-text-editor\">\r\n\t\t<p>KYB Corporation - hidravlik avadavl\u0131\u011f\u0131n d\u00fcnyada apar\u0131c\u0131 istehsal\u00e7\u0131lar\u0131ndan biridir.\u00a0\u015e\u0131rk\u0259tin qabaqc\u0131l texnologiyalar\u0131 aviasiya, k\u0259miqay\u0131rma v\u0259 \u0259lb\u0259tt\u0259 ki ma\u015f\u0131nqay\u0131rmada \u00f6z yerini tapm\u0131\u015fd\u0131r.<\/p>\n<p>Avtoehtiyyat bazar\u0131na \u015f\u0131rk\u0259t 1947-ci ild\u0259 g\u0259lmi\u015f v\u0259 67 il \u0259rzind\u0259 b\u00f6y\u00fckn\u0259aliyy\u0259tl\u0259r \u0259ld\u0259 etmi\u015fdir: hal-haz\u0131rda KYB d\u00fcnya \u00fczr\u0259 konveyerl\u0259rin\u00a025%-ni amortizatorla t\u0259hciz edir v\u0259 ehtiyyat hiss\u0259l\u0259ri istehsal ed\u0259n \u0259n iri istehsal\u00e7\u0131lar\u0131ndan biridir.<\/p>\n<p>\u015e\u0131rk\u0259tin ba\u015f ofisi Yapon\u0131yan\u0131n Tokio \u015f\u0259h\u0259rind\u0259 yerl\u0259\u015f\u0131r.\u00a0\u018fsas m\u00fc\u0259ssis\u0259d\u0259 v\u0259 d\u00fcnyan\u0131n bir \u00e7ox \u00f6lk\u00f6l\u00f6rind\u0259 f\u0259aliyy\u0259t g\u00f6st\u0259r\u0259n dig\u0259r m\u00fc\u0259ssis\u0259l\u0259rd\u0259 11 500 n\u0259f\u0259r\u0259d\u0259k i\u015f\u00e7i \u00e7al\u0131\u015f\u0131r.\u00a0\u0130llik d\u00f6vriyy\u0259 $ 3.8 mlrd art\u0131qd\u0131r. Amortizatorlar\u0131n nisbi\u00a0d\u00f6vriyy\u0259nin 51 % t\u0259\u015fkil edir. KYB aksiyalar\u0131 Tokio birjas\u0131nda t\u0259msil olunur.<\/p>\n<p>H\u0259r il KYB Corporation \u015f\u0131rk\u0259tinin 15 m\u00fc\u0259ssis\u0259sind\u0259 h\u0259r il istehsal edil\u0259n 75 mln amortizator d\u00fcnyan\u0131n 100-d\u0259n \u00e7ox \u00f6lk\u0259sin\u0259 KYB ad\u0131 il\u0259 ixrac edilir.<\/p>\n<p>\u015e\u0131rk\u0259tin \u0259sas istehsal m\u00fc\u0259ssis\u0259l\u0259ri Yaponiya, AB\u015e, Avropa v\u0259 Asiyada yerl\u0259\u015fir.<\/p>\n<p><\/p>\t\t<\/div>\r\n\t\t\t\t\t<\/div>\n\t\t\t\t<\/div>\n\t\t<div class=\"elementor-element elementor-element-2780865 e-con-full e-flex tm-col-stretched-none tm-bg-color-over-image e-con e-child\" data-id=\"2780865\" data-element_type=\"container\">\n\t\t<div class=\"elementor-element elementor-element-1dbb821 e-con-full e-flex tm-col-stretched-none tm-bg-color-over-image e-con e-child\" data-id=\"1dbb821\" data-element_type=\"container\">\n\t\t\t\t<\/div>\n\t\t\t\t<\/div>\n\t\t\t\t<\/div>\n\t\t\t\t\t<\/div>\n\t\t\t\t<\/div>\n\t\t\t\t<\/div>\n\t\t","protected":false},"excerpt":{"rendered":"<p>Elektron Sat\u0131\u015f Platformas\u0131 Health &#038; Life Sciences Social &#038; Public Sector Digital Media &#038; Entertainment Contact with us for any&#8230;<\/p>\n","protected":false},"author":4,"featured_media":0,"parent":33914,"menu_order":0,"comment_status":"closed","ping_status":"closed","template":"","meta":{"footnotes":""},"class_list":["post-33899","page","type-page","status-publish","hentry"],"yoast_head":"<!-- This site is optimized with the Yoast SEO plugin v26.5 - https:\/\/yoast.com\/wordpress\/plugins\/seo\/ -->\n<title>KYB - Klaxon<\/title>\n<meta name=\"description\" content=\"Established in 1997, KLAXON LTD specializes in automotive spare parts. We offer a wide wholesale range for passenger cars, trucks, and special-purpose machinery.\" \/>\n<meta name=\"robots\" content=\"index, follow, max-snippet:-1, max-image-preview:large, max-video-preview:-1\" \/>\n<link rel=\"canonical\" href=\"https:\/\/klaxon.az\/en\/brands\/brand-kyb\/\" \/>\n<meta property=\"og:locale\" content=\"en_US\" \/>\n<meta property=\"og:type\" content=\"article\" \/>\n<meta property=\"og:title\" content=\"KYB - Klaxon\" \/>\n<meta property=\"og:description\" content=\"Established in 1997, KLAXON LTD specializes in automotive spare parts. We offer a wide wholesale range for passenger cars, trucks, and special-purpose machinery.\" \/>\n<meta property=\"og:url\" content=\"https:\/\/klaxon.az\/en\/brands\/brand-kyb\/\" \/>\n<meta property=\"og:site_name\" content=\"Klaxon\" \/>\n<meta property=\"og:image\" content=\"https:\/\/klaxon.az\/wp-content\/uploads\/2025\/10\/product_header-1024x536.jpg\" \/>\n<meta name=\"twitter:card\" content=\"summary_large_image\" \/>\n<meta name=\"twitter:label1\" content=\"Est. reading time\" \/>\n\t<meta name=\"twitter:data1\" content=\"1 minute\" \/>\n<script type=\"application\/ld+json\" class=\"yoast-schema-graph\">{\"@context\":\"https:\/\/schema.org\",\"@graph\":[{\"@type\":\"WebPage\",\"@id\":\"https:\/\/klaxon.az\/en\/brands\/brand-kyb\/\",\"url\":\"https:\/\/klaxon.az\/en\/brands\/brand-kyb\/\",\"name\":\"KYB - Klaxon\",\"isPartOf\":{\"@id\":\"https:\/\/klaxon.az\/en\/#website\"},\"primaryImageOfPage\":{\"@id\":\"https:\/\/klaxon.az\/en\/brands\/brand-kyb\/#primaryimage\"},\"image\":{\"@id\":\"https:\/\/klaxon.az\/en\/brands\/brand-kyb\/#primaryimage\"},\"thumbnailUrl\":\"https:\/\/klaxon.az\/wp-content\/uploads\/2025\/10\/product_header-1024x536.jpg\",\"datePublished\":\"2025-10-07T12:40:17+00:00\",\"description\":\"Established in 1997, KLAXON LTD specializes in automotive spare parts. We offer a wide wholesale range for passenger cars, trucks, and special-purpose machinery.\",\"breadcrumb\":{\"@id\":\"https:\/\/klaxon.az\/en\/brands\/brand-kyb\/#breadcrumb\"},\"inLanguage\":\"en-US\",\"potentialAction\":[{\"@type\":\"ReadAction\",\"target\":[\"https:\/\/klaxon.az\/en\/brands\/brand-kyb\/\"]}]},{\"@type\":\"ImageObject\",\"inLanguage\":\"en-US\",\"@id\":\"https:\/\/klaxon.az\/en\/brands\/brand-kyb\/#primaryimage\",\"url\":\"https:\/\/klaxon.az\/wp-content\/uploads\/2025\/10\/product_header-1024x536.jpg\",\"contentUrl\":\"https:\/\/klaxon.az\/wp-content\/uploads\/2025\/10\/product_header-1024x536.jpg\"},{\"@type\":\"BreadcrumbList\",\"@id\":\"https:\/\/klaxon.az\/en\/brands\/brand-kyb\/#breadcrumb\",\"itemListElement\":[{\"@type\":\"ListItem\",\"position\":1,\"name\":\"\u0413\u043b\u0430\u0432\u043d\u0430\u044f \u0441\u0442\u0440\u0430\u043d\u0438\u0446\u0430\",\"item\":\"https:\/\/klaxon.az\/en\/\"},{\"@type\":\"ListItem\",\"position\":2,\"name\":\"KYB\"}]},{\"@type\":\"WebSite\",\"@id\":\"https:\/\/klaxon.az\/en\/#website\",\"url\":\"https:\/\/klaxon.az\/en\/\",\"name\":\"Klaxon\",\"description\":\"\",\"publisher\":{\"@id\":\"https:\/\/klaxon.az\/en\/#organization\"},\"potentialAction\":[{\"@type\":\"SearchAction\",\"target\":{\"@type\":\"EntryPoint\",\"urlTemplate\":\"https:\/\/klaxon.az\/en\/?s={search_term_string}\"},\"query-input\":{\"@type\":\"PropertyValueSpecification\",\"valueRequired\":true,\"valueName\":\"search_term_string\"}}],\"inLanguage\":\"en-US\"},{\"@type\":\"Organization\",\"@id\":\"https:\/\/klaxon.az\/en\/#organization\",\"name\":\"Klaxon\",\"url\":\"https:\/\/klaxon.az\/en\/\",\"logo\":{\"@type\":\"ImageObject\",\"inLanguage\":\"en-US\",\"@id\":\"https:\/\/klaxon.az\/en\/#\/schema\/logo\/image\/\",\"url\":\"https:\/\/klaxon.az\/wp-content\/uploads\/2025\/11\/kloxon-temot-logo-new.png\",\"contentUrl\":\"https:\/\/klaxon.az\/wp-content\/uploads\/2025\/11\/kloxon-temot-logo-new.png\",\"width\":370,\"height\":148,\"caption\":\"Klaxon\"},\"image\":{\"@id\":\"https:\/\/klaxon.az\/en\/#\/schema\/logo\/image\/\"}}]}<\/script>\n<!-- \/ Yoast SEO plugin. -->","yoast_head_json":{"title":"KYB - Klaxon","description":"Established in 1997, KLAXON LTD specializes in automotive spare parts. We offer a wide wholesale range for passenger cars, trucks, and special-purpose machinery.","robots":{"index":"index","follow":"follow","max-snippet":"max-snippet:-1","max-image-preview":"max-image-preview:large","max-video-preview":"max-video-preview:-1"},"canonical":"https:\/\/klaxon.az\/en\/brands\/brand-kyb\/","og_locale":"en_US","og_type":"article","og_title":"KYB - Klaxon","og_description":"Established in 1997, KLAXON LTD specializes in automotive spare parts. We offer a wide wholesale range for passenger cars, trucks, and special-purpose machinery.","og_url":"https:\/\/klaxon.az\/en\/brands\/brand-kyb\/","og_site_name":"Klaxon","og_image":[{"url":"https:\/\/klaxon.az\/wp-content\/uploads\/2025\/10\/product_header-1024x536.jpg","type":"","width":"","height":""}],"twitter_card":"summary_large_image","twitter_misc":{"Est. reading time":"1 minute"},"schema":{"@context":"https:\/\/schema.org","@graph":[{"@type":"WebPage","@id":"https:\/\/klaxon.az\/en\/brands\/brand-kyb\/","url":"https:\/\/klaxon.az\/en\/brands\/brand-kyb\/","name":"KYB - Klaxon","isPartOf":{"@id":"https:\/\/klaxon.az\/en\/#website"},"primaryImageOfPage":{"@id":"https:\/\/klaxon.az\/en\/brands\/brand-kyb\/#primaryimage"},"image":{"@id":"https:\/\/klaxon.az\/en\/brands\/brand-kyb\/#primaryimage"},"thumbnailUrl":"https:\/\/klaxon.az\/wp-content\/uploads\/2025\/10\/product_header-1024x536.jpg","datePublished":"2025-10-07T12:40:17+00:00","description":"Established in 1997, KLAXON LTD specializes in automotive spare parts. We offer a wide wholesale range for passenger cars, trucks, and special-purpose machinery.","breadcrumb":{"@id":"https:\/\/klaxon.az\/en\/brands\/brand-kyb\/#breadcrumb"},"inLanguage":"en-US","potentialAction":[{"@type":"ReadAction","target":["https:\/\/klaxon.az\/en\/brands\/brand-kyb\/"]}]},{"@type":"ImageObject","inLanguage":"en-US","@id":"https:\/\/klaxon.az\/en\/brands\/brand-kyb\/#primaryimage","url":"https:\/\/klaxon.az\/wp-content\/uploads\/2025\/10\/product_header-1024x536.jpg","contentUrl":"https:\/\/klaxon.az\/wp-content\/uploads\/2025\/10\/product_header-1024x536.jpg"},{"@type":"BreadcrumbList","@id":"https:\/\/klaxon.az\/en\/brands\/brand-kyb\/#breadcrumb","itemListElement":[{"@type":"ListItem","position":1,"name":"\u0413\u043b\u0430\u0432\u043d\u0430\u044f \u0441\u0442\u0440\u0430\u043d\u0438\u0446\u0430","item":"https:\/\/klaxon.az\/en\/"},{"@type":"ListItem","position":2,"name":"KYB"}]},{"@type":"WebSite","@id":"https:\/\/klaxon.az\/en\/#website","url":"https:\/\/klaxon.az\/en\/","name":"Klaxon","description":"","publisher":{"@id":"https:\/\/klaxon.az\/en\/#organization"},"potentialAction":[{"@type":"SearchAction","target":{"@type":"EntryPoint","urlTemplate":"https:\/\/klaxon.az\/en\/?s={search_term_string}"},"query-input":{"@type":"PropertyValueSpecification","valueRequired":true,"valueName":"search_term_string"}}],"inLanguage":"en-US"},{"@type":"Organization","@id":"https:\/\/klaxon.az\/en\/#organization","name":"Klaxon","url":"https:\/\/klaxon.az\/en\/","logo":{"@type":"ImageObject","inLanguage":"en-US","@id":"https:\/\/klaxon.az\/en\/#\/schema\/logo\/image\/","url":"https:\/\/klaxon.az\/wp-content\/uploads\/2025\/11\/kloxon-temot-logo-new.png","contentUrl":"https:\/\/klaxon.az\/wp-content\/uploads\/2025\/11\/kloxon-temot-logo-new.png","width":370,"height":148,"caption":"Klaxon"},"image":{"@id":"https:\/\/klaxon.az\/en\/#\/schema\/logo\/image\/"}}]}},"_links":{"self":[{"href":"https:\/\/klaxon.az\/en\/wp-json\/wp\/v2\/pages\/33899","targetHints":{"allow":["GET"]}}],"collection":[{"href":"https:\/\/klaxon.az\/en\/wp-json\/wp\/v2\/pages"}],"about":[{"href":"https:\/\/klaxon.az\/en\/wp-json\/wp\/v2\/types\/page"}],"author":[{"embeddable":true,"href":"https:\/\/klaxon.az\/en\/wp-json\/wp\/v2\/users\/4"}],"replies":[{"embeddable":true,"href":"https:\/\/klaxon.az\/en\/wp-json\/wp\/v2\/comments?post=33899"}],"version-history":[{"count":0,"href":"https:\/\/klaxon.az\/en\/wp-json\/wp\/v2\/pages\/33899\/revisions"}],"up":[{"embeddable":true,"href":"https:\/\/klaxon.az\/en\/wp-json\/wp\/v2\/pages\/33914"}],"wp:attachment":[{"href":"https:\/\/klaxon.az\/en\/wp-json\/wp\/v2\/media?parent=33899"}],"curies":[{"name":"wp","href":"https:\/\/api.w.org\/{rel}","templated":true}]}}