{"id":33886,"date":"2025-10-06T07:40:00","date_gmt":"2025-10-06T07:40:00","guid":{"rendered":"https:\/\/klaxon.az\/brand-advics\/"},"modified":"2025-10-06T07:40:00","modified_gmt":"2025-10-06T07:40:00","slug":"brand-advics","status":"publish","type":"page","link":"https:\/\/klaxon.az\/en\/brands\/brand-advics\/","title":{"rendered":"ADVICS"},"content":{"rendered":"\t\t<div data-elementor-type=\"wp-page\" data-elementor-id=\"33886\" class=\"elementor elementor-33886 elementor-32457\" data-elementor-post-type=\"page\">\n\t\t\t\t<div class=\"elementor-element elementor-element-45f058d e-flex e-con-boxed tm-col-stretched-none tm-bg-color-over-image e-con e-parent\" data-id=\"45f058d\" data-element_type=\"container\">\n\t\t\t\t\t<div class=\"e-con-inner\">\n\t\t<div class=\"elementor-element elementor-element-f67192f e-con-full elementor-hidden-desktop elementor-hidden-tablet elementor-hidden-mobile e-flex tm-col-stretched-none tm-bg-color-over-image e-con e-child\" data-id=\"f67192f\" data-element_type=\"container\">\n\t\t\t\t<div class=\"elementor-element elementor-element-1f2c8b5 elementor-widget elementor-widget-tm-ele-navigation-menu\" data-id=\"1f2c8b5\" data-element_type=\"widget\" data-widget_type=\"tm-ele-navigation-menu.default\">\n\t\t\t\t<div class=\"elementor-widget-container\">\n\t\t\t\t\t<div class=\"tm-sc-simple-nav-menu\"><ul id=\"menu-service-menu\" class=\"\"><li id=\"menu-item-31469\" class=\"menu-item menu-item-type-post_type menu-item-object-page menu-item-31469\"><a href=\"https:\/\/klaxon.az\/elektron-satis-platformasi\/\"><i class=\"tm-nav-arrow-icon fas fa-arrow-right\"><\/i>Online Sales Platform<\/a><\/li>\n<\/ul><\/div>\t\t\t\t<\/div>\n\t\t\t\t<\/div>\n\t\t<div class=\"elementor-element elementor-element-8a41dac e-con-full e-flex tm-col-stretched-none tm-bg-color-over-image e-con e-child\" data-id=\"8a41dac\" data-element_type=\"container\" data-settings=\"{&quot;background_background&quot;:&quot;classic&quot;}\">\n\t\t<div class=\"elementor-element elementor-element-70910dc e-con-full e-flex tm-col-stretched-none tm-bg-color-over-image e-con e-child\" data-id=\"70910dc\" data-element_type=\"container\">\n\t\t\t\t<div class=\"elementor-element elementor-element-acec34a elementor-widget elementor-widget-tm-ele-iconbox\" data-id=\"acec34a\" data-element_type=\"widget\" data-widget_type=\"tm-ele-iconbox.default\">\n\t\t\t\t<div class=\"elementor-widget-container\">\n\t\t\t\t\t<div class=\"tm-sc-icon-box icon-box icon-top font-icon icon-top animate-hover icon-rotate-y\">\r\n\t\r\n  \t<div class=\"icon-box-wrapper\">\r\n\t\t\r\n\t\t<div class=\"icon-wrapper\">\r\n\t\t<div class=\"icon icon-circled icon-type-font-icon icon-sm\">\r\n\t\t\t<i aria-hidden=\"true\" class=\" flaticon-common-call\"><\/i>\t\t<\/div>\r\n\r\n\t\t\t<\/div>\r\n\t\t\t<div class=\"icon-text\">\r\n\t\t\t\t\t\t\r\n\t\t\t\t\t\t\t\t\r\n\t\t\t\r\n\t\r\n\t\t\t\t\t<\/div>\r\n\t\t<div class=\"clearfix\"><\/div>\r\n\t<\/div>\r\n<\/div>\t\t\t\t<\/div>\n\t\t\t\t<\/div>\n\t\t\t\t<div class=\"elementor-element elementor-element-6721457 elementor-widget elementor-widget-heading\" data-id=\"6721457\" data-element_type=\"widget\" data-widget_type=\"heading.default\">\n\t\t\t\t<div class=\"elementor-widget-container\">\n\t\t\t\t\t<h3 class=\"elementor-heading-title elementor-size-default\">Contact with\nus for any\nadvice<\/h3>\t\t\t\t<\/div>\n\t\t\t\t<\/div>\n\t\t\t\t<div class=\"elementor-element elementor-element-56bc393 horizontal-line-align-left vertical-line-align-bottom elementor-widget elementor-widget-tm-ele-section-title\" data-id=\"56bc393\" data-element_type=\"widget\" data-widget_type=\"tm-ele-section-title.default\">\n\t\t\t\t<div class=\"elementor-widget-container\">\n\t\t\t\t\t<div class=\"tm-sc-section-title section-title \">\r\n\t<div class=\"title-wrapper\">\r\n\t\t\t\t\r\n\r\n<div class=\"sub-title-outer\">\r\n\t\t<p class=\"subtitle \">\r\n\r\n\t\t\r\n\t\tCall anytime\t<\/p>\r\n\t<\/div>\t\t\t<h5 class=\"title \"  >\r\n\r\n\t\t\r\n\t\t\t\t<span class=\"title-part1 \">+92 (8800) 3680<\/span>\r\n\t\t\t\t\r\n\t\t\t\t\t\t\t\r\n\t<\/h5>\r\n\t<div class=\"title-seperator-line\"><\/div>\t\t\t\t\t\t<\/div>\r\n<\/div>\t\t\t\t<\/div>\n\t\t\t\t<\/div>\n\t\t\t\t<\/div>\n\t\t\t\t<\/div>\n\t\t\t\t<\/div>\n\t\t<div class=\"elementor-element elementor-element-8c93f97 e-con-full e-flex tm-col-stretched-none tm-bg-color-over-image e-con e-child\" data-id=\"8c93f97\" data-element_type=\"container\">\n\t\t\t\t<div class=\"elementor-element elementor-element-0f31ffa elementor-widget elementor-widget-image\" data-id=\"0f31ffa\" data-element_type=\"widget\" data-widget_type=\"image.default\">\n\t\t\t\t<div class=\"elementor-widget-container\">\n\t\t\t\t\t\t\t\t\t\t\t\t\t\t\t<img fetchpriority=\"high\" decoding=\"async\" width=\"800\" height=\"450\" src=\"https:\/\/klaxon.az\/wp-content\/uploads\/2025\/10\/advics-1.jpg\" class=\"attachment-large size-large wp-image-32461\" alt=\"\" srcset=\"https:\/\/klaxon.az\/wp-content\/uploads\/2025\/10\/advics-1.jpg 800w, https:\/\/klaxon.az\/wp-content\/uploads\/2025\/10\/advics-1-300x169.jpg 300w, https:\/\/klaxon.az\/wp-content\/uploads\/2025\/10\/advics-1-768x432.jpg 768w\" sizes=\"(max-width: 800px) 100vw, 800px\" \/>\t\t\t\t\t\t\t\t\t\t\t\t\t\t\t<\/div>\n\t\t\t\t<\/div>\n\t\t\t\t<div class=\"elementor-element elementor-element-02673dd elementor-widget elementor-widget-heading\" data-id=\"02673dd\" data-element_type=\"widget\" data-widget_type=\"heading.default\">\n\t\t\t\t<div class=\"elementor-widget-container\">\n\t\t\t\t\t<h2 class=\"elementor-heading-title elementor-size-default\">ADVICS<\/h2>\t\t\t\t<\/div>\n\t\t\t\t<\/div>\n\t\t\t\t<div class=\"elementor-element elementor-element-3688ce0 elementor-widget elementor-widget-tm-ele-text-editor\" data-id=\"3688ce0\" data-element_type=\"widget\" data-widget_type=\"tm-ele-text-editor.default\">\n\t\t\t\t<div class=\"elementor-widget-container\">\n\t\t\t\t\t\t\t<div class=\"tm-text-editor\">\r\n\t\t<p>ADVICS \u015firk\u0259ti 2001-ci ild\u0259 Aisin, Denso v\u0259 Sumitomo sirk\u0259tl\u0259rinin \u0259yl\u0259c sisteml\u0259rini yaradan sah\u0259l\u0259rinin birl\u0259\u015fm\u0259si yolu il\u0259 yard\u0131l\u0131b.Birl\u0259\u015fm\u0259d\u0259 apar\u0131c\u0131 rol bu \u015firk\u0259tl\u0259rd\u0259 m\u00fcvafiq istehsallar\u0131n faktiki sahibi olan Toyota \u015firk\u0259ti olmu\u015fdur. M\u0259s\u0259l\u0259 ondad\u0131r ki, d\u00fcnyada tan\u0131nan bu 3 \u015firk\u0259t Toyota konveyerinin \u0259sas t\u0259hcizat\u00e7\u0131lar\u0131d\u0131r. Onlar\u0131n m\u0259hsullar\u0131 kompleks \u015f\u0259kild\u0259 olan \u0259yl\u0259c sisteml\u0259ridir. Bel\u0259 ki, Aisin v\u0259 Denso Toyota \u00fc\u00e7\u00fcn \u0259yl\u0259c silindrl\u0259rini v\u0259 vakum g\u00fccl\u0259ndiricil\u0259rini, Sumitomo \u00fc\u00e7\u00fcn \u0259yl\u0259c diskl\u0259rini, suport v\u0259 \u0259yl\u0259c s\u0259thl\u0259rini istehsal edirl\u0259r.<\/p>\n<p>Toyota korporasiyasi \u00fcc\u00fcn bu \u00fc\u00e7 sirk\u0259ti daha da \u0259lbir \u00e7al\u0131\u015fmaq \u00fc\u00e7\u00fcn birin\u0259 birl\u0259\u015fdirm\u0259k daha m\u0259qs\u0259d\u0259uy\u011fun g\u0259ldi. N\u0259tic\u0259d\u0259 ADV\u0130CS yarad\u0131ld\u0131 ki onun da ad\u0131nda Aisin, Denso, Sumitomo v\u0259 Victory \u015firk\u0259tl\u0259ri birl\u0259\u015fdirilmi\u015fdir.<\/p>\n<p>Yeni \u015f\u0131rk\u0259t daxili Yapon bazar\u0131nda d\u0259rhal qabaqc\u0131l yeri \u0259ld\u0259 edir v\u0259 d\u00fcnya bazar\u0131nda \u00f6n s\u0131ralarda olaca\u011f\u0131n\u0131 bildirir.<\/p>\n<p>Bel\u0259 ki, \u015firk\u0259t\u00e7 daxili Yapon bazar\u0131nda a\u015fa\u011f\u0131dak\u0131 m\u0259hsullar\u0131n istehsal\u0131na g\u00f6r\u0259 qabaqc\u0131l yerl\u0259ri tutur:<\/p>\n<ol>\n<li>\u018fyl\u0259c silndrl\u0259ri v\u0259 vakum g\u00fccl\u0259ndiricil\u0259ri.<\/li>\n<li>\u018fyl\u0259c sisteml\u0259rin hidravlik g\u00fccl\u0259ndiricil\u0259ri.<\/li>\n<li>Park \u0259yl\u0259c sisteml\u0259ri.<\/li>\n<li>\u018fsas \u0259yl\u0259c silindrl\u0259ri.<\/li>\n<li>ABS v\u0259 elektron t\u0259hl\u00fck\u0259sizlik sisteml\u0259ri.<\/li>\n<li>ECU (elektron idar\u0259etm\u0259 m\u0259rk\u0259zi).<\/li>\n<li>Suportlar.<\/li>\n<li>Kolodkalar.<\/li>\n<li>\u018fyl\u0259c diskl\u0259ri.<\/li>\n<li>\u018fyl\u0259c barabanlar\u0131.<\/li>\n<\/ol>\n<p>Ba\u015f ofis v\u0259 zavod Yaponiyan\u0131n Kariya \u015f\u0259h\u0259rind\u0259 yerl\u0259\u015fir. \u015eirk\u0259td\u0259 4000-d\u0259n \u00e7ox i\u015f\u00e7i \u00e7al\u0131\u015f\u0131r. Ara\u015fd\u0131rma m\u0259rk\u0259zl\u0259ri Toyotan\u0131n \u0259sas g\u0259rarkahlar\u0131nda yerl\u0259\u015fir, istehsal quvv\u0259l\u0259ri is\u0259 ayr\u0131ca.<\/p>\n<p>Bel\u0259likl\u0259 ADV\u0130CS \u0259yl\u0259c sisteml\u0259rinin komplers \u015f\u0259kild\u0259 istehsal\u00e7\u0131s\u0131d\u0131r. Onun Elmi-ara\u015fd\u0131rma institutlar\u0131nda b\u00fct\u00fcn n\u0259z\u0259ri hesblama, s\u0131naq v\u0259 sifari\u015f\u00e7\u0131l\u0259r \u00fc\u00e7\u00fcn istehsal h\u0259yata ke\u00e7irilir. Sifari\u015f\u00e7il\u0259r is\u0259 yet\u0259rinc\u0259 tan\u0131nm\u0131\u015f avtomobil istehsal\u00e7\u0131lar\u0131d\u0131r: Toyota, Honda, Isuzu, Mazda, Daihatsu, Subaru, Hino, Mitsubishi, Nissan, Suzuki, GM, Ford, Chrysler. T\u0259bii ki, \u0259sas sifari\u015f\u00e7i Toyota v\u0259 onunla ba\u011fl\u0131 sirk\u0259tl\u0259rdir (Daihatsu, Subaru).\u00a0Yapon bazar\u0131ndan sonra \u0259sas t\u0259labat\u00e7\u0131 AB\u015e bazar\u0131d\u0131r v\u0259 burada n\u0259iki aftermarket, h\u0259m\u00e7inin konveyerl\u0259r \u00fc\u00e7\u00fcn \u0259yl\u0259cl\u0259r istehsal olunur.<\/p>\t\t<\/div>\r\n\t\t\t\t\t<\/div>\n\t\t\t\t<\/div>\n\t\t<div class=\"elementor-element elementor-element-2780865 e-con-full e-flex tm-col-stretched-none tm-bg-color-over-image e-con e-child\" data-id=\"2780865\" data-element_type=\"container\">\n\t\t<div class=\"elementor-element elementor-element-1dbb821 e-con-full e-flex tm-col-stretched-none tm-bg-color-over-image e-con e-child\" data-id=\"1dbb821\" data-element_type=\"container\">\n\t\t\t\t<\/div>\n\t\t\t\t<\/div>\n\t\t\t\t<\/div>\n\t\t\t\t\t<\/div>\n\t\t\t\t<\/div>\n\t\t\t\t<\/div>\n\t\t","protected":false},"excerpt":{"rendered":"<p>Elektron Sat\u0131\u015f Platformas\u0131 Health &#038; Life Sciences Social &#038; Public Sector Digital Media &#038; Entertainment Contact with us for any&#8230;<\/p>\n","protected":false},"author":4,"featured_media":0,"parent":33914,"menu_order":0,"comment_status":"closed","ping_status":"closed","template":"","meta":{"footnotes":""},"class_list":["post-33886","page","type-page","status-publish","hentry"],"yoast_head":"<!-- This site is optimized with the Yoast SEO plugin v26.5 - https:\/\/yoast.com\/wordpress\/plugins\/seo\/ -->\n<title>ADVICS - Klaxon<\/title>\n<meta name=\"description\" content=\"Established in 1997, KLAXON LTD specializes in automotive spare parts. We offer a wide wholesale range for passenger cars, trucks, and special-purpose machinery.\" \/>\n<meta name=\"robots\" content=\"index, follow, max-snippet:-1, max-image-preview:large, max-video-preview:-1\" \/>\n<link rel=\"canonical\" href=\"https:\/\/klaxon.az\/en\/brands\/brand-advics\/\" \/>\n<meta property=\"og:locale\" content=\"en_US\" \/>\n<meta property=\"og:type\" content=\"article\" \/>\n<meta property=\"og:title\" content=\"ADVICS - Klaxon\" \/>\n<meta property=\"og:description\" content=\"Established in 1997, KLAXON LTD specializes in automotive spare parts. We offer a wide wholesale range for passenger cars, trucks, and special-purpose machinery.\" \/>\n<meta property=\"og:url\" content=\"https:\/\/klaxon.az\/en\/brands\/brand-advics\/\" \/>\n<meta property=\"og:site_name\" content=\"Klaxon\" \/>\n<meta property=\"og:image\" content=\"https:\/\/klaxon.az\/wp-content\/uploads\/2025\/10\/advics-1.jpg\" \/>\n<meta name=\"twitter:card\" content=\"summary_large_image\" \/>\n<meta name=\"twitter:label1\" content=\"Est. reading time\" \/>\n\t<meta name=\"twitter:data1\" content=\"2 minutes\" \/>\n<script type=\"application\/ld+json\" class=\"yoast-schema-graph\">{\"@context\":\"https:\/\/schema.org\",\"@graph\":[{\"@type\":\"WebPage\",\"@id\":\"https:\/\/klaxon.az\/en\/brands\/brand-advics\/\",\"url\":\"https:\/\/klaxon.az\/en\/brands\/brand-advics\/\",\"name\":\"ADVICS - Klaxon\",\"isPartOf\":{\"@id\":\"https:\/\/klaxon.az\/en\/#website\"},\"primaryImageOfPage\":{\"@id\":\"https:\/\/klaxon.az\/en\/brands\/brand-advics\/#primaryimage\"},\"image\":{\"@id\":\"https:\/\/klaxon.az\/en\/brands\/brand-advics\/#primaryimage\"},\"thumbnailUrl\":\"https:\/\/klaxon.az\/wp-content\/uploads\/2025\/10\/advics-1.jpg\",\"datePublished\":\"2025-10-06T07:40:00+00:00\",\"description\":\"Established in 1997, KLAXON LTD specializes in automotive spare parts. We offer a wide wholesale range for passenger cars, trucks, and special-purpose machinery.\",\"breadcrumb\":{\"@id\":\"https:\/\/klaxon.az\/en\/brands\/brand-advics\/#breadcrumb\"},\"inLanguage\":\"en-US\",\"potentialAction\":[{\"@type\":\"ReadAction\",\"target\":[\"https:\/\/klaxon.az\/en\/brands\/brand-advics\/\"]}]},{\"@type\":\"ImageObject\",\"inLanguage\":\"en-US\",\"@id\":\"https:\/\/klaxon.az\/en\/brands\/brand-advics\/#primaryimage\",\"url\":\"https:\/\/klaxon.az\/wp-content\/uploads\/2025\/10\/advics-1.jpg\",\"contentUrl\":\"https:\/\/klaxon.az\/wp-content\/uploads\/2025\/10\/advics-1.jpg\"},{\"@type\":\"BreadcrumbList\",\"@id\":\"https:\/\/klaxon.az\/en\/brands\/brand-advics\/#breadcrumb\",\"itemListElement\":[{\"@type\":\"ListItem\",\"position\":1,\"name\":\"\u0413\u043b\u0430\u0432\u043d\u0430\u044f \u0441\u0442\u0440\u0430\u043d\u0438\u0446\u0430\",\"item\":\"https:\/\/klaxon.az\/en\/\"},{\"@type\":\"ListItem\",\"position\":2,\"name\":\"ADVICS\"}]},{\"@type\":\"WebSite\",\"@id\":\"https:\/\/klaxon.az\/en\/#website\",\"url\":\"https:\/\/klaxon.az\/en\/\",\"name\":\"Klaxon\",\"description\":\"\",\"publisher\":{\"@id\":\"https:\/\/klaxon.az\/en\/#organization\"},\"potentialAction\":[{\"@type\":\"SearchAction\",\"target\":{\"@type\":\"EntryPoint\",\"urlTemplate\":\"https:\/\/klaxon.az\/en\/?s={search_term_string}\"},\"query-input\":{\"@type\":\"PropertyValueSpecification\",\"valueRequired\":true,\"valueName\":\"search_term_string\"}}],\"inLanguage\":\"en-US\"},{\"@type\":\"Organization\",\"@id\":\"https:\/\/klaxon.az\/en\/#organization\",\"name\":\"Klaxon\",\"url\":\"https:\/\/klaxon.az\/en\/\",\"logo\":{\"@type\":\"ImageObject\",\"inLanguage\":\"en-US\",\"@id\":\"https:\/\/klaxon.az\/en\/#\/schema\/logo\/image\/\",\"url\":\"https:\/\/klaxon.az\/wp-content\/uploads\/2025\/11\/kloxon-temot-logo-new.png\",\"contentUrl\":\"https:\/\/klaxon.az\/wp-content\/uploads\/2025\/11\/kloxon-temot-logo-new.png\",\"width\":370,\"height\":148,\"caption\":\"Klaxon\"},\"image\":{\"@id\":\"https:\/\/klaxon.az\/en\/#\/schema\/logo\/image\/\"}}]}<\/script>\n<!-- \/ Yoast SEO plugin. -->","yoast_head_json":{"title":"ADVICS - Klaxon","description":"Established in 1997, KLAXON LTD specializes in automotive spare parts. We offer a wide wholesale range for passenger cars, trucks, and special-purpose machinery.","robots":{"index":"index","follow":"follow","max-snippet":"max-snippet:-1","max-image-preview":"max-image-preview:large","max-video-preview":"max-video-preview:-1"},"canonical":"https:\/\/klaxon.az\/en\/brands\/brand-advics\/","og_locale":"en_US","og_type":"article","og_title":"ADVICS - Klaxon","og_description":"Established in 1997, KLAXON LTD specializes in automotive spare parts. We offer a wide wholesale range for passenger cars, trucks, and special-purpose machinery.","og_url":"https:\/\/klaxon.az\/en\/brands\/brand-advics\/","og_site_name":"Klaxon","og_image":[{"url":"https:\/\/klaxon.az\/wp-content\/uploads\/2025\/10\/advics-1.jpg","type":"","width":"","height":""}],"twitter_card":"summary_large_image","twitter_misc":{"Est. reading time":"2 minutes"},"schema":{"@context":"https:\/\/schema.org","@graph":[{"@type":"WebPage","@id":"https:\/\/klaxon.az\/en\/brands\/brand-advics\/","url":"https:\/\/klaxon.az\/en\/brands\/brand-advics\/","name":"ADVICS - Klaxon","isPartOf":{"@id":"https:\/\/klaxon.az\/en\/#website"},"primaryImageOfPage":{"@id":"https:\/\/klaxon.az\/en\/brands\/brand-advics\/#primaryimage"},"image":{"@id":"https:\/\/klaxon.az\/en\/brands\/brand-advics\/#primaryimage"},"thumbnailUrl":"https:\/\/klaxon.az\/wp-content\/uploads\/2025\/10\/advics-1.jpg","datePublished":"2025-10-06T07:40:00+00:00","description":"Established in 1997, KLAXON LTD specializes in automotive spare parts. We offer a wide wholesale range for passenger cars, trucks, and special-purpose machinery.","breadcrumb":{"@id":"https:\/\/klaxon.az\/en\/brands\/brand-advics\/#breadcrumb"},"inLanguage":"en-US","potentialAction":[{"@type":"ReadAction","target":["https:\/\/klaxon.az\/en\/brands\/brand-advics\/"]}]},{"@type":"ImageObject","inLanguage":"en-US","@id":"https:\/\/klaxon.az\/en\/brands\/brand-advics\/#primaryimage","url":"https:\/\/klaxon.az\/wp-content\/uploads\/2025\/10\/advics-1.jpg","contentUrl":"https:\/\/klaxon.az\/wp-content\/uploads\/2025\/10\/advics-1.jpg"},{"@type":"BreadcrumbList","@id":"https:\/\/klaxon.az\/en\/brands\/brand-advics\/#breadcrumb","itemListElement":[{"@type":"ListItem","position":1,"name":"\u0413\u043b\u0430\u0432\u043d\u0430\u044f \u0441\u0442\u0440\u0430\u043d\u0438\u0446\u0430","item":"https:\/\/klaxon.az\/en\/"},{"@type":"ListItem","position":2,"name":"ADVICS"}]},{"@type":"WebSite","@id":"https:\/\/klaxon.az\/en\/#website","url":"https:\/\/klaxon.az\/en\/","name":"Klaxon","description":"","publisher":{"@id":"https:\/\/klaxon.az\/en\/#organization"},"potentialAction":[{"@type":"SearchAction","target":{"@type":"EntryPoint","urlTemplate":"https:\/\/klaxon.az\/en\/?s={search_term_string}"},"query-input":{"@type":"PropertyValueSpecification","valueRequired":true,"valueName":"search_term_string"}}],"inLanguage":"en-US"},{"@type":"Organization","@id":"https:\/\/klaxon.az\/en\/#organization","name":"Klaxon","url":"https:\/\/klaxon.az\/en\/","logo":{"@type":"ImageObject","inLanguage":"en-US","@id":"https:\/\/klaxon.az\/en\/#\/schema\/logo\/image\/","url":"https:\/\/klaxon.az\/wp-content\/uploads\/2025\/11\/kloxon-temot-logo-new.png","contentUrl":"https:\/\/klaxon.az\/wp-content\/uploads\/2025\/11\/kloxon-temot-logo-new.png","width":370,"height":148,"caption":"Klaxon"},"image":{"@id":"https:\/\/klaxon.az\/en\/#\/schema\/logo\/image\/"}}]}},"_links":{"self":[{"href":"https:\/\/klaxon.az\/en\/wp-json\/wp\/v2\/pages\/33886","targetHints":{"allow":["GET"]}}],"collection":[{"href":"https:\/\/klaxon.az\/en\/wp-json\/wp\/v2\/pages"}],"about":[{"href":"https:\/\/klaxon.az\/en\/wp-json\/wp\/v2\/types\/page"}],"author":[{"embeddable":true,"href":"https:\/\/klaxon.az\/en\/wp-json\/wp\/v2\/users\/4"}],"replies":[{"embeddable":true,"href":"https:\/\/klaxon.az\/en\/wp-json\/wp\/v2\/comments?post=33886"}],"version-history":[{"count":0,"href":"https:\/\/klaxon.az\/en\/wp-json\/wp\/v2\/pages\/33886\/revisions"}],"up":[{"embeddable":true,"href":"https:\/\/klaxon.az\/en\/wp-json\/wp\/v2\/pages\/33914"}],"wp:attachment":[{"href":"https:\/\/klaxon.az\/en\/wp-json\/wp\/v2\/media?parent=33886"}],"curies":[{"name":"wp","href":"https:\/\/api.w.org\/{rel}","templated":true}]}}