{"id":33786,"date":"2025-09-22T14:25:22","date_gmt":"2025-09-22T14:25:22","guid":{"rendered":"https:\/\/klaxon.az\/temot\/"},"modified":"2025-12-22T14:16:31","modified_gmt":"2025-12-22T14:16:31","slug":"temot","status":"publish","type":"page","link":"https:\/\/klaxon.az\/en\/temot\/","title":{"rendered":"TEMOT"},"content":{"rendered":"\t\t<div data-elementor-type=\"wp-page\" data-elementor-id=\"33786\" class=\"elementor elementor-33786 elementor-31729\" data-elementor-post-type=\"page\">\n\t\t\t\t<div class=\"elementor-element elementor-element-45f058d e-flex e-con-boxed tm-col-stretched-none tm-bg-color-over-image e-con e-parent\" data-id=\"45f058d\" data-element_type=\"container\">\n\t\t\t\t\t<div class=\"e-con-inner\">\n\t\t<div class=\"elementor-element elementor-element-f67192f e-con-full elementor-hidden-desktop elementor-hidden-tablet elementor-hidden-mobile e-flex tm-col-stretched-none tm-bg-color-over-image e-con e-child\" data-id=\"f67192f\" data-element_type=\"container\">\n\t\t\t\t<div class=\"elementor-element elementor-element-1f2c8b5 elementor-widget elementor-widget-tm-ele-navigation-menu\" data-id=\"1f2c8b5\" data-element_type=\"widget\" data-widget_type=\"tm-ele-navigation-menu.default\">\n\t\t\t\t<div class=\"elementor-widget-container\">\n\t\t\t\t\t<div class=\"tm-sc-simple-nav-menu\"><ul id=\"menu-service-menu\" class=\"\"><li id=\"menu-item-31469\" class=\"menu-item menu-item-type-post_type menu-item-object-page menu-item-31469\"><a href=\"https:\/\/klaxon.az\/elektron-satis-platformasi\/\"><i class=\"tm-nav-arrow-icon fas fa-arrow-right\"><\/i>Online Sales Platform<\/a><\/li>\n<\/ul><\/div>\t\t\t\t<\/div>\n\t\t\t\t<\/div>\n\t\t<div class=\"elementor-element elementor-element-8a41dac e-con-full e-flex tm-col-stretched-none tm-bg-color-over-image e-con e-child\" data-id=\"8a41dac\" data-element_type=\"container\" data-settings=\"{&quot;background_background&quot;:&quot;classic&quot;}\">\n\t\t<div class=\"elementor-element elementor-element-70910dc e-con-full e-flex tm-col-stretched-none tm-bg-color-over-image e-con e-child\" data-id=\"70910dc\" data-element_type=\"container\">\n\t\t\t\t<div class=\"elementor-element elementor-element-acec34a elementor-widget elementor-widget-tm-ele-iconbox\" data-id=\"acec34a\" data-element_type=\"widget\" data-widget_type=\"tm-ele-iconbox.default\">\n\t\t\t\t<div class=\"elementor-widget-container\">\n\t\t\t\t\t<div class=\"tm-sc-icon-box icon-box icon-top font-icon icon-top animate-hover icon-rotate-y\">\r\n\t\r\n  \t<div class=\"icon-box-wrapper\">\r\n\t\t\r\n\t\t<div class=\"icon-wrapper\">\r\n\t\t<div class=\"icon icon-circled icon-type-font-icon icon-sm\">\r\n\t\t\t<i aria-hidden=\"true\" class=\" flaticon-common-call\"><\/i>\t\t<\/div>\r\n\r\n\t\t\t<\/div>\r\n\t\t\t<div class=\"icon-text\">\r\n\t\t\t\t\t\t\r\n\t\t\t\t\t\t\t\t\r\n\t\t\t\r\n\t\r\n\t\t\t\t\t<\/div>\r\n\t\t<div class=\"clearfix\"><\/div>\r\n\t<\/div>\r\n<\/div>\t\t\t\t<\/div>\n\t\t\t\t<\/div>\n\t\t\t\t<div class=\"elementor-element elementor-element-6721457 elementor-widget elementor-widget-heading\" data-id=\"6721457\" data-element_type=\"widget\" data-widget_type=\"heading.default\">\n\t\t\t\t<div class=\"elementor-widget-container\">\n\t\t\t\t\t<h3 class=\"elementor-heading-title elementor-size-default\">Contact with\nus for any\nadvice<\/h3>\t\t\t\t<\/div>\n\t\t\t\t<\/div>\n\t\t\t\t<div class=\"elementor-element elementor-element-56bc393 horizontal-line-align-left vertical-line-align-bottom elementor-widget elementor-widget-tm-ele-section-title\" data-id=\"56bc393\" data-element_type=\"widget\" data-widget_type=\"tm-ele-section-title.default\">\n\t\t\t\t<div class=\"elementor-widget-container\">\n\t\t\t\t\t<div class=\"tm-sc-section-title section-title \">\r\n\t<div class=\"title-wrapper\">\r\n\t\t\t\t\r\n\r\n<div class=\"sub-title-outer\">\r\n\t\t<p class=\"subtitle \">\r\n\r\n\t\t\r\n\t\tCall anytime\t<\/p>\r\n\t<\/div>\t\t\t<h5 class=\"title \"  >\r\n\r\n\t\t\r\n\t\t\t\t<span class=\"title-part1 \">+92 (8800) 3680<\/span>\r\n\t\t\t\t\r\n\t\t\t\t\t\t\t\r\n\t<\/h5>\r\n\t<div class=\"title-seperator-line\"><\/div>\t\t\t\t\t\t<\/div>\r\n<\/div>\t\t\t\t<\/div>\n\t\t\t\t<\/div>\n\t\t\t\t<\/div>\n\t\t\t\t<\/div>\n\t\t\t\t<\/div>\n\t\t<div class=\"elementor-element elementor-element-8c93f97 e-con-full e-flex tm-col-stretched-none tm-bg-color-over-image e-con e-child\" data-id=\"8c93f97\" data-element_type=\"container\">\n\t\t\t\t<div class=\"elementor-element elementor-element-0f31ffa elementor-widget elementor-widget-image\" data-id=\"0f31ffa\" data-element_type=\"widget\" data-widget_type=\"image.default\">\n\t\t\t\t<div class=\"elementor-widget-container\">\n\t\t\t\t\t\t\t\t\t\t\t\t\t\t\t<img fetchpriority=\"high\" decoding=\"async\" width=\"768\" height=\"337\" src=\"https:\/\/klaxon.az\/wp-content\/uploads\/2025\/10\/TEMOT-main-pl150cu6p8n2tzxtpgb59fjo1wvnxki4zw4b7wdrig-768x337.jpg\" class=\"attachment-medium_large size-medium_large wp-image-32907\" alt=\"\" srcset=\"https:\/\/klaxon.az\/wp-content\/uploads\/2025\/10\/TEMOT-main-pl150cu6p8n2tzxtpgb59fjo1wvnxki4zw4b7wdrig-768x337.jpg 768w, https:\/\/klaxon.az\/wp-content\/uploads\/2025\/10\/TEMOT-main-pl150cu6p8n2tzxtpgb59fjo1wvnxki4zw4b7wdrig-300x132.jpg 300w, https:\/\/klaxon.az\/wp-content\/uploads\/2025\/10\/TEMOT-main-pl150cu6p8n2tzxtpgb59fjo1wvnxki4zw4b7wdrig-1024x449.jpg 1024w, https:\/\/klaxon.az\/wp-content\/uploads\/2025\/10\/TEMOT-main-pl150cu6p8n2tzxtpgb59fjo1wvnxki4zw4b7wdrig.jpg 1140w\" sizes=\"(max-width: 768px) 100vw, 768px\" \/>\t\t\t\t\t\t\t\t\t\t\t\t\t\t\t<\/div>\n\t\t\t\t<\/div>\n\t\t\t\t<div class=\"elementor-element elementor-element-3688ce0 elementor-widget elementor-widget-tm-ele-text-editor\" data-id=\"3688ce0\" data-element_type=\"widget\" data-widget_type=\"tm-ele-text-editor.default\">\n\t\t\t\t<div class=\"elementor-widget-container\">\n\t\t\t\t\t\t\t<div class=\"tm-text-editor\">\r\n\t\t<p>TEMOT International is one of the world\u2019s largest independent networks in the wholesale supply of spare parts for automotive and industrial vehicles. This global platform brings together distributors and suppliers from different regions, offering its members innovative solutions, international partnerships, and growth opportunities. TEMOT International was founded in 1994 in Ratingen, Germany (near D\u00fcsseldorf) by five European companies.<\/p><p>Today, TEMOT International has a strong global ecosystem built on more than 30 years of experience. The network operates with a membership model in over 25 countries, covers thousands of product lines, and creates cooperation opportunities with more than 1,000 distributors and suppliers. As a result, members expand their supply base and build more agile and resilient supply chains aligned with market trends.<\/p><p>As Klaxon Ltd, we have been represented in this network as an active member of TEMOT International since 2014. In 2019, we achieved shareholder status, further strengthening our partnership at a higher level. For us, this status is not only international recognition, but also access to best practices, a broader partnership network, and stronger supply capabilities.<\/p><p>Our presence within TEMOT International is one of the key indicators supporting Klaxon Ltd\u2019s integration into a global partnership environment and its long-term development strategy.<\/p>\t\t<\/div>\r\n\t\t\t\t\t<\/div>\n\t\t\t\t<\/div>\n\t\t<div class=\"elementor-element elementor-element-2780865 e-con-full e-flex tm-col-stretched-none tm-bg-color-over-image e-con e-child\" data-id=\"2780865\" data-element_type=\"container\">\n\t\t<div class=\"elementor-element elementor-element-1dbb821 e-flex e-con-boxed tm-col-stretched-none tm-bg-color-over-image e-con e-child\" data-id=\"1dbb821\" data-element_type=\"container\">\n\t\t\t\t\t<div class=\"e-con-inner\">\n\t\t\t\t<div class=\"elementor-element elementor-element-d4df47d elementor-widget elementor-widget-tm-ele-list\" data-id=\"d4df47d\" data-element_type=\"widget\" data-widget_type=\"tm-ele-list.default\">\n\t\t\t\t<div class=\"elementor-widget-container\">\n\t\t\t\t\t<ul class=\"tm-sc-list \">\r\n\t<li class=\"no-action\">\r\n\t\t\t\t\t\t\t\t<span>\r\n\t<\/span><\/li><\/ul>\t\t\t\t<\/div>\n\t\t\t\t<\/div>\n\t\t\t\t\t<\/div>\n\t\t\t\t<\/div>\n\t\t\t\t<\/div>\n\t\t\t\t<\/div>\n\t\t\t\t\t<\/div>\n\t\t\t\t<\/div>\n\t\t\t\t<\/div>\n\t\t","protected":false},"excerpt":{"rendered":"<p>Elektron Sat\u0131\u015f Platformas\u0131 Health &#038; Life Sciences Social &#038; Public Sector Digital Media &#038; Entertainment Contact with us for any&#8230;<\/p>\n","protected":false},"author":2,"featured_media":0,"parent":0,"menu_order":0,"comment_status":"closed","ping_status":"closed","template":"","meta":{"footnotes":""},"class_list":["post-33786","page","type-page","status-publish","hentry"],"yoast_head":"<!-- This site is optimized with the Yoast SEO plugin v26.5 - https:\/\/yoast.com\/wordpress\/plugins\/seo\/ -->\n<title>TEMOT - Klaxon<\/title>\n<meta name=\"description\" content=\"Established in 1997, KLAXON LTD specializes in automotive spare parts. We offer a wide wholesale range for passenger cars, trucks, and special-purpose machinery.\" \/>\n<meta name=\"robots\" content=\"index, follow, max-snippet:-1, max-image-preview:large, max-video-preview:-1\" \/>\n<link rel=\"canonical\" href=\"https:\/\/klaxon.az\/en\/temot\/\" \/>\n<meta property=\"og:locale\" content=\"en_US\" \/>\n<meta property=\"og:type\" content=\"article\" \/>\n<meta property=\"og:title\" content=\"TEMOT - Klaxon\" \/>\n<meta property=\"og:description\" content=\"Established in 1997, KLAXON LTD specializes in automotive spare parts. We offer a wide wholesale range for passenger cars, trucks, and special-purpose machinery.\" \/>\n<meta property=\"og:url\" content=\"https:\/\/klaxon.az\/en\/temot\/\" \/>\n<meta property=\"og:site_name\" content=\"Klaxon\" \/>\n<meta property=\"article:modified_time\" content=\"2025-12-22T14:16:31+00:00\" \/>\n<meta property=\"og:image\" content=\"https:\/\/klaxon.az\/wp-content\/uploads\/2025\/10\/TEMOT-main-pl150cu6p8n2tzxtpgb59fjo1wvnxki4zw4b7wdrig-768x337.jpg\" \/>\n<meta name=\"twitter:card\" content=\"summary_large_image\" \/>\n<script type=\"application\/ld+json\" class=\"yoast-schema-graph\">{\"@context\":\"https:\/\/schema.org\",\"@graph\":[{\"@type\":\"WebPage\",\"@id\":\"https:\/\/klaxon.az\/en\/temot\/\",\"url\":\"https:\/\/klaxon.az\/en\/temot\/\",\"name\":\"TEMOT - Klaxon\",\"isPartOf\":{\"@id\":\"https:\/\/klaxon.az\/en\/#website\"},\"primaryImageOfPage\":{\"@id\":\"https:\/\/klaxon.az\/en\/temot\/#primaryimage\"},\"image\":{\"@id\":\"https:\/\/klaxon.az\/en\/temot\/#primaryimage\"},\"thumbnailUrl\":\"https:\/\/klaxon.az\/wp-content\/uploads\/2025\/10\/TEMOT-main-pl150cu6p8n2tzxtpgb59fjo1wvnxki4zw4b7wdrig-768x337.jpg\",\"datePublished\":\"2025-09-22T14:25:22+00:00\",\"dateModified\":\"2025-12-22T14:16:31+00:00\",\"description\":\"Established in 1997, KLAXON LTD specializes in automotive spare parts. We offer a wide wholesale range for passenger cars, trucks, and special-purpose machinery.\",\"breadcrumb\":{\"@id\":\"https:\/\/klaxon.az\/en\/temot\/#breadcrumb\"},\"inLanguage\":\"en-US\",\"potentialAction\":[{\"@type\":\"ReadAction\",\"target\":[\"https:\/\/klaxon.az\/en\/temot\/\"]}]},{\"@type\":\"ImageObject\",\"inLanguage\":\"en-US\",\"@id\":\"https:\/\/klaxon.az\/en\/temot\/#primaryimage\",\"url\":\"https:\/\/klaxon.az\/wp-content\/uploads\/2025\/10\/TEMOT-main-pl150cu6p8n2tzxtpgb59fjo1wvnxki4zw4b7wdrig-768x337.jpg\",\"contentUrl\":\"https:\/\/klaxon.az\/wp-content\/uploads\/2025\/10\/TEMOT-main-pl150cu6p8n2tzxtpgb59fjo1wvnxki4zw4b7wdrig-768x337.jpg\"},{\"@type\":\"BreadcrumbList\",\"@id\":\"https:\/\/klaxon.az\/en\/temot\/#breadcrumb\",\"itemListElement\":[{\"@type\":\"ListItem\",\"position\":1,\"name\":\"\u0413\u043b\u0430\u0432\u043d\u0430\u044f \u0441\u0442\u0440\u0430\u043d\u0438\u0446\u0430\",\"item\":\"https:\/\/klaxon.az\/en\/\"},{\"@type\":\"ListItem\",\"position\":2,\"name\":\"TEMOT\"}]},{\"@type\":\"WebSite\",\"@id\":\"https:\/\/klaxon.az\/en\/#website\",\"url\":\"https:\/\/klaxon.az\/en\/\",\"name\":\"Klaxon\",\"description\":\"\",\"publisher\":{\"@id\":\"https:\/\/klaxon.az\/en\/#organization\"},\"potentialAction\":[{\"@type\":\"SearchAction\",\"target\":{\"@type\":\"EntryPoint\",\"urlTemplate\":\"https:\/\/klaxon.az\/en\/?s={search_term_string}\"},\"query-input\":{\"@type\":\"PropertyValueSpecification\",\"valueRequired\":true,\"valueName\":\"search_term_string\"}}],\"inLanguage\":\"en-US\"},{\"@type\":\"Organization\",\"@id\":\"https:\/\/klaxon.az\/en\/#organization\",\"name\":\"Klaxon\",\"url\":\"https:\/\/klaxon.az\/en\/\",\"logo\":{\"@type\":\"ImageObject\",\"inLanguage\":\"en-US\",\"@id\":\"https:\/\/klaxon.az\/en\/#\/schema\/logo\/image\/\",\"url\":\"https:\/\/klaxon.az\/wp-content\/uploads\/2025\/11\/kloxon-temot-logo-new.png\",\"contentUrl\":\"https:\/\/klaxon.az\/wp-content\/uploads\/2025\/11\/kloxon-temot-logo-new.png\",\"width\":370,\"height\":148,\"caption\":\"Klaxon\"},\"image\":{\"@id\":\"https:\/\/klaxon.az\/en\/#\/schema\/logo\/image\/\"}}]}<\/script>\n<!-- \/ Yoast SEO plugin. -->","yoast_head_json":{"title":"TEMOT - Klaxon","description":"Established in 1997, KLAXON LTD specializes in automotive spare parts. We offer a wide wholesale range for passenger cars, trucks, and special-purpose machinery.","robots":{"index":"index","follow":"follow","max-snippet":"max-snippet:-1","max-image-preview":"max-image-preview:large","max-video-preview":"max-video-preview:-1"},"canonical":"https:\/\/klaxon.az\/en\/temot\/","og_locale":"en_US","og_type":"article","og_title":"TEMOT - Klaxon","og_description":"Established in 1997, KLAXON LTD specializes in automotive spare parts. We offer a wide wholesale range for passenger cars, trucks, and special-purpose machinery.","og_url":"https:\/\/klaxon.az\/en\/temot\/","og_site_name":"Klaxon","article_modified_time":"2025-12-22T14:16:31+00:00","og_image":[{"url":"https:\/\/klaxon.az\/wp-content\/uploads\/2025\/10\/TEMOT-main-pl150cu6p8n2tzxtpgb59fjo1wvnxki4zw4b7wdrig-768x337.jpg","type":"","width":"","height":""}],"twitter_card":"summary_large_image","schema":{"@context":"https:\/\/schema.org","@graph":[{"@type":"WebPage","@id":"https:\/\/klaxon.az\/en\/temot\/","url":"https:\/\/klaxon.az\/en\/temot\/","name":"TEMOT - Klaxon","isPartOf":{"@id":"https:\/\/klaxon.az\/en\/#website"},"primaryImageOfPage":{"@id":"https:\/\/klaxon.az\/en\/temot\/#primaryimage"},"image":{"@id":"https:\/\/klaxon.az\/en\/temot\/#primaryimage"},"thumbnailUrl":"https:\/\/klaxon.az\/wp-content\/uploads\/2025\/10\/TEMOT-main-pl150cu6p8n2tzxtpgb59fjo1wvnxki4zw4b7wdrig-768x337.jpg","datePublished":"2025-09-22T14:25:22+00:00","dateModified":"2025-12-22T14:16:31+00:00","description":"Established in 1997, KLAXON LTD specializes in automotive spare parts. We offer a wide wholesale range for passenger cars, trucks, and special-purpose machinery.","breadcrumb":{"@id":"https:\/\/klaxon.az\/en\/temot\/#breadcrumb"},"inLanguage":"en-US","potentialAction":[{"@type":"ReadAction","target":["https:\/\/klaxon.az\/en\/temot\/"]}]},{"@type":"ImageObject","inLanguage":"en-US","@id":"https:\/\/klaxon.az\/en\/temot\/#primaryimage","url":"https:\/\/klaxon.az\/wp-content\/uploads\/2025\/10\/TEMOT-main-pl150cu6p8n2tzxtpgb59fjo1wvnxki4zw4b7wdrig-768x337.jpg","contentUrl":"https:\/\/klaxon.az\/wp-content\/uploads\/2025\/10\/TEMOT-main-pl150cu6p8n2tzxtpgb59fjo1wvnxki4zw4b7wdrig-768x337.jpg"},{"@type":"BreadcrumbList","@id":"https:\/\/klaxon.az\/en\/temot\/#breadcrumb","itemListElement":[{"@type":"ListItem","position":1,"name":"\u0413\u043b\u0430\u0432\u043d\u0430\u044f \u0441\u0442\u0440\u0430\u043d\u0438\u0446\u0430","item":"https:\/\/klaxon.az\/en\/"},{"@type":"ListItem","position":2,"name":"TEMOT"}]},{"@type":"WebSite","@id":"https:\/\/klaxon.az\/en\/#website","url":"https:\/\/klaxon.az\/en\/","name":"Klaxon","description":"","publisher":{"@id":"https:\/\/klaxon.az\/en\/#organization"},"potentialAction":[{"@type":"SearchAction","target":{"@type":"EntryPoint","urlTemplate":"https:\/\/klaxon.az\/en\/?s={search_term_string}"},"query-input":{"@type":"PropertyValueSpecification","valueRequired":true,"valueName":"search_term_string"}}],"inLanguage":"en-US"},{"@type":"Organization","@id":"https:\/\/klaxon.az\/en\/#organization","name":"Klaxon","url":"https:\/\/klaxon.az\/en\/","logo":{"@type":"ImageObject","inLanguage":"en-US","@id":"https:\/\/klaxon.az\/en\/#\/schema\/logo\/image\/","url":"https:\/\/klaxon.az\/wp-content\/uploads\/2025\/11\/kloxon-temot-logo-new.png","contentUrl":"https:\/\/klaxon.az\/wp-content\/uploads\/2025\/11\/kloxon-temot-logo-new.png","width":370,"height":148,"caption":"Klaxon"},"image":{"@id":"https:\/\/klaxon.az\/en\/#\/schema\/logo\/image\/"}}]}},"_links":{"self":[{"href":"https:\/\/klaxon.az\/en\/wp-json\/wp\/v2\/pages\/33786","targetHints":{"allow":["GET"]}}],"collection":[{"href":"https:\/\/klaxon.az\/en\/wp-json\/wp\/v2\/pages"}],"about":[{"href":"https:\/\/klaxon.az\/en\/wp-json\/wp\/v2\/types\/page"}],"author":[{"embeddable":true,"href":"https:\/\/klaxon.az\/en\/wp-json\/wp\/v2\/users\/2"}],"replies":[{"embeddable":true,"href":"https:\/\/klaxon.az\/en\/wp-json\/wp\/v2\/comments?post=33786"}],"version-history":[{"count":10,"href":"https:\/\/klaxon.az\/en\/wp-json\/wp\/v2\/pages\/33786\/revisions"}],"predecessor-version":[{"id":34001,"href":"https:\/\/klaxon.az\/en\/wp-json\/wp\/v2\/pages\/33786\/revisions\/34001"}],"wp:attachment":[{"href":"https:\/\/klaxon.az\/en\/wp-json\/wp\/v2\/media?parent=33786"}],"curies":[{"name":"wp","href":"https:\/\/api.w.org\/{rel}","templated":true}]}}